{"id":5249,"date":"2022-03-22T18:59:50","date_gmt":"2022-03-22T17:59:50","guid":{"rendered":"https:\/\/caserwebagency.it\/?page_id=5249"},"modified":"2024-10-19T08:00:50","modified_gmt":"2024-10-19T06:00:50","slug":"privacy-policy-2","status":"publish","type":"page","link":"https:\/\/caserwebagency.it\/de\/privacy-policy-2\/","title":{"rendered":"Privacy Policy"},"content":{"rendered":"<section class=\"l-section wpb_row height_large with_img with_overlay\"><div class=\"l-section-img\" style=\"background-image: url(https:\/\/caserwebagency.it\/wp-content\/uploads\/2022\/03\/headings.jpg);\" data-img-width=\"1800\" data-img-height=\"1200\"><\/div><div class=\"l-section-overlay\" style=\"background: rgba(26,26,26,0.70)\"><\/div><div class=\"l-section-h i-cf\"><div class=\"g-cols vc_row type_default valign_top\"><div class=\"vc_col-sm-12 wpb_column vc_column_container has_text_color\"><div class=\"vc_column-inner us_custom_6df4bc3a\"><div class=\"wpb_wrapper\"><div class=\"wpb_text_column\" ><div class=\"wpb_wrapper\"><h1 style=\"text-align: center;\">Privacy Policy<\/h1>\n<\/div><\/div><\/div><\/div><\/div><\/div><\/div><\/section><section class=\"l-section wpb_row height_medium\"><div class=\"l-section-h i-cf\"><div class=\"g-cols vc_row type_default valign_top\"><div class=\"vc_col-sm-12 wpb_column vc_column_container\"><div class=\"vc_column-inner\"><div class=\"wpb_wrapper\"><div class=\"g-cols wpb_row  type_default valign_top vc_inner\"><div class=\"vc_col-sm-12 wpb_column vc_column_container\"><div class=\"vc_column-inner\"><div class=\"wpb_wrapper\"><div class=\"wpb_text_column\" ><div class=\"wpb_wrapper\"><h2 class=\"privacy-policy-h1\">Datenschutzrichtlinie<br \/>\nzuletzt aktualisiert am 18. Oktober 2024<\/h2>\n<p class=\"privacy-policy-p\">Diese Datenschutzrichtlinie beschreibt die Richtlinien von CASER SRLS, Via Resia, 97, BZ 39100, Italien, E-Mail: roberto.caser@gmail.com, Telefon: 3933366188 zur Erfassung, Verwendung und Offenlegung Ihrer Daten, die wir erfassen, wenn Sie unsere Website (http:\/\/www.caserwebagency.it) nutzen. (der \u201eDienst\u201c). Indem Sie auf den Dienst zugreifen oder ihn nutzen, stimmen Sie der Erfassung, Verwendung und Offenlegung Ihrer Daten gem\u00e4\u00df dieser Datenschutzrichtlinie zu. Wenn Sie dem nicht zustimmen, greifen Sie bitte nicht auf den Dienst zu und nutzen Sie ihn nicht.<\/p>\n<p class=\"privacy-policy-p\">Wir k\u00f6nnen diese Datenschutzrichtlinie jederzeit ohne vorherige Ank\u00fcndigung \u00e4ndern und werden die \u00fcberarbeitete Datenschutzrichtlinie im Service ver\u00f6ffentlichen. Die \u00fcberarbeitete Richtlinie tritt 180 Tage nach Ver\u00f6ffentlichung im Service in Kraft. Wenn Sie nach Ablauf dieser Frist weiterhin auf den Service zugreifen oder ihn nutzen, gilt dies als Zustimmung zu der \u00fcberarbeiteten Datenschutzrichtlinie. Wir empfehlen Ihnen daher, diese Seite regelm\u00e4\u00dfig zu \u00fcberpr\u00fcfen.<\/p>\n<ol class=\"privacy-policy-ol\">\n<li>\n<h2 class=\"privacy-policy-h2\">Ihre Rechte:<\/h2>\n<p class=\"privacy-policy-p\">Abh\u00e4ngig vom geltenden Gesetz haben Sie m\u00f6glicherweise das Recht, auf Ihre personenbezogenen Daten zuzugreifen und diese zu korrigieren oder zu l\u00f6schen oder eine Kopie Ihrer personenbezogenen Daten zu erhalten, die aktive Verarbeitung Ihrer Daten einzuschr\u00e4nken oder ihr zu widersprechen, uns aufzufordern, Ihre personenbezogenen Daten an eine andere Stelle weiterzugeben (zu \u00fcbertragen), Ihre Einwilligung zur Verarbeitung Ihrer Daten zu widerrufen, eine Beschwerde bei einer gesetzlichen Beh\u00f6rde einzureichen und andere Rechte, die nach geltendem Recht relevant sein k\u00f6nnen. Um diese Rechte auszu\u00fcben, k\u00f6nnen Sie uns unter roberto.caser@gmail.com schreiben. Wir werden auf Ihre Anfrage gem\u00e4\u00df geltendem Recht antworten.<\/p>\n<p class=\"privacy-policy-p\">Sie k\u00f6nnen Direktmarketing-Kommunikation oder die Profilerstellung, die wir f\u00fcr Marketingzwecke durchf\u00fchren, ablehnen, indem Sie uns eine E-Mail an roberto.caser@gmail.com schreiben.<\/p>\n<p class=\"privacy-policy-p\">Bitte beachten Sie: Wenn Sie uns die Erfassung oder Verarbeitung der erforderlichen personenbezogenen Daten nicht gestatten oder Ihre Zustimmung zur Verarbeitung dieser Daten f\u00fcr die erforderlichen Zwecke widerrufen, k\u00f6nnen Sie m\u00f6glicherweise nicht auf die Dienste zugreifen oder diese nutzen, f\u00fcr die Ihre Daten abgefragt wurden.<\/p>\n<\/li>\n<li>\n<h2 class=\"privacy-policy-h2\">Cookies usw.<\/h2>\n<p class=\"privacy-policy-p\">Weitere Informationen zur Verwendung dieser Technologien und zu Ihren Auswahlm\u00f6glichkeiten in Bezug auf diese Tracking-Technologien finden Sie in unserer\u00a0<a href=\"http:\/\/www.caserwebagency.it\/\">Cookie-Richtlinie.<\/a><\/p>\n<\/li>\n<li>\n<h2 class=\"privacy-policy-h2\">Sicherheit:<\/h2>\n<p class=\"privacy-policy-p\">Die Sicherheit Ihrer Daten ist uns wichtig und wir ergreifen angemessene Sicherheitsma\u00dfnahmen, um den Verlust, Missbrauch oder die unbefugte \u00c4nderung Ihrer Daten in unserem Besitz zu verhindern. Angesichts der damit verbundenen Risiken k\u00f6nnen wir jedoch keine absolute Sicherheit garantieren und k\u00f6nnen daher die Sicherheit der von Ihnen an uns \u00fcbermittelten Daten nicht gew\u00e4hrleisten oder garantieren. Sie \u00fcbermitteln diese Daten auf eigenes Risiko.<\/p>\n<\/li>\n<li>\n<h2 class=\"privacy-policy-h2\">Beschwerde-\/Datenschutzbeauftragter:<\/h2>\n<p class=\"privacy-policy-p\">Wenn Sie Fragen oder Bedenken hinsichtlich der Verarbeitung Ihrer bei uns verf\u00fcgbaren Daten haben, k\u00f6nnen Sie sich per E-Mail an unseren Beschwerdebeauftragten bei CASER SRLS, Via Resia 97, wenden. E-Mail: roberto.caser@gmail.com. Wir werden Ihre Bedenken gem\u00e4\u00df den geltenden Gesetzen behandeln.<\/p>\n<\/li>\n<\/ol>\n<\/div><\/div><\/div><\/div><\/div><\/div><\/div><\/div><\/div><\/div><\/div><\/section>\n","protected":false},"excerpt":{"rendered":"Privacy Policy Datenschutzrichtlinie zuletzt aktualisiert am 18. Oktober 2024 Diese Datenschutzrichtlinie beschreibt die Richtlinien von CASER SRLS, Via Resia, 97, BZ 39100, Italien, E-Mail: roberto.caser@gmail.com, Telefon: 3933366188 zur Erfassung, Verwendung und Offenlegung Ihrer Daten, die wir erfassen, wenn Sie unsere Website (http:\/\/www.caserwebagency.it) nutzen. (der \u201eDienst\u201c). Indem Sie auf den Dienst zugreifen oder ihn nutzen, stimmen...","protected":false},"author":1,"featured_media":0,"parent":0,"menu_order":0,"comment_status":"closed","ping_status":"closed","template":"","meta":{"footnotes":""},"class_list":["post-5249","page","type-page","status-publish","hentry"],"yoast_head":"<!-- This site is optimized with the Yoast SEO plugin v18.4.1 - https:\/\/yoast.com\/wordpress\/plugins\/seo\/ -->\n<title>Privacy Policy - Caser Web Agency | Studio Grafico e Web Design | Bolzano<\/title>\n<meta name=\"robots\" content=\"index, follow, max-snippet:-1, max-image-preview:large, max-video-preview:-1\" \/>\n<link rel=\"canonical\" href=\"https:\/\/caserwebagency.it\/de\/privacy-policy-2\/\" \/>\n<meta property=\"og:locale\" content=\"de_DE\" \/>\n<meta property=\"og:type\" content=\"article\" \/>\n<meta property=\"og:title\" content=\"Privacy Policy - Caser Web Agency | Studio Grafico e Web Design | Bolzano\" \/>\n<meta property=\"og:url\" content=\"https:\/\/caserwebagency.it\/de\/privacy-policy-2\/\" \/>\n<meta property=\"og:site_name\" content=\"Caser Web Agency | Studio Grafico e Web Design | Bolzano\" \/>\n<meta property=\"article:publisher\" content=\"https:\/\/www.facebook.com\/caserwebagency\" \/>\n<meta property=\"article:modified_time\" content=\"2024-10-19T06:00:50+00:00\" \/>\n<meta name=\"twitter:card\" content=\"summary_large_image\" \/>\n<meta name=\"twitter:site\" content=\"@caserwebagency\" \/>\n<meta name=\"twitter:label1\" content=\"Gesch\u00e4tzte Lesezeit\" \/>\n\t<meta name=\"twitter:data1\" content=\"3\u00a0Minuten\" \/>\n<script type=\"application\/ld+json\" class=\"yoast-schema-graph\">{\"@context\":\"https:\/\/schema.org\",\"@graph\":[{\"@type\":\"Organization\",\"@id\":\"https:\/\/caserwebagency.it\/#organization\",\"name\":\"Caser Web Agency\",\"url\":\"https:\/\/caserwebagency.it\/\",\"sameAs\":[\"https:\/\/www.facebook.com\/caserwebagency\",\"https:\/\/www.instagram.com\/caserwebagency\/\",\"https:\/\/www.youtube.com\/user\/BizetaWeb\",\"https:\/\/twitter.com\/caserwebagency\"],\"logo\":{\"@type\":\"ImageObject\",\"@id\":\"https:\/\/caserwebagency.it\/#logo\",\"inLanguage\":\"de\",\"url\":\"https:\/\/caserwebagency.it\/wp-content\/uploads\/2022\/03\/logo-01.png\",\"contentUrl\":\"https:\/\/caserwebagency.it\/wp-content\/uploads\/2022\/03\/logo-01.png\",\"width\":900,\"height\":250,\"caption\":\"Caser Web Agency\"},\"image\":{\"@id\":\"https:\/\/caserwebagency.it\/#logo\"}},{\"@type\":\"WebSite\",\"@id\":\"https:\/\/caserwebagency.it\/#website\",\"url\":\"https:\/\/caserwebagency.it\/\",\"name\":\"Caser Web Agency | Studio Grafico e Web Design | Bolzano\",\"description\":\"Siamo esperti in web design e realizzazione di siti web\",\"publisher\":{\"@id\":\"https:\/\/caserwebagency.it\/#organization\"},\"potentialAction\":[{\"@type\":\"SearchAction\",\"target\":{\"@type\":\"EntryPoint\",\"urlTemplate\":\"https:\/\/caserwebagency.it\/?s={search_term_string}\"},\"query-input\":\"required name=search_term_string\"}],\"inLanguage\":\"de\"},{\"@type\":\"WebPage\",\"@id\":\"https:\/\/caserwebagency.it\/de\/privacy-policy-2\/#webpage\",\"url\":\"https:\/\/caserwebagency.it\/de\/privacy-policy-2\/\",\"name\":\"Privacy Policy - Caser Web Agency | Studio Grafico e Web Design | Bolzano\",\"isPartOf\":{\"@id\":\"https:\/\/caserwebagency.it\/#website\"},\"datePublished\":\"2022-03-22T17:59:50+00:00\",\"dateModified\":\"2024-10-19T06:00:50+00:00\",\"breadcrumb\":{\"@id\":\"https:\/\/caserwebagency.it\/de\/privacy-policy-2\/#breadcrumb\"},\"inLanguage\":\"de\",\"potentialAction\":[{\"@type\":\"ReadAction\",\"target\":[\"https:\/\/caserwebagency.it\/de\/privacy-policy-2\/\"]}]},{\"@type\":\"BreadcrumbList\",\"@id\":\"https:\/\/caserwebagency.it\/de\/privacy-policy-2\/#breadcrumb\",\"itemListElement\":[{\"@type\":\"ListItem\",\"position\":1,\"name\":\"Home\",\"item\":\"https:\/\/caserwebagency.it\/de\/\"},{\"@type\":\"ListItem\",\"position\":2,\"name\":\"Privacy Policy\"}]}]}<\/script>\n<!-- \/ Yoast SEO plugin. -->","yoast_head_json":{"title":"Privacy Policy - Caser Web Agency | Studio Grafico e Web Design | Bolzano","robots":{"index":"index","follow":"follow","max-snippet":"max-snippet:-1","max-image-preview":"max-image-preview:large","max-video-preview":"max-video-preview:-1"},"canonical":"https:\/\/caserwebagency.it\/de\/privacy-policy-2\/","og_locale":"de_DE","og_type":"article","og_title":"Privacy Policy - Caser Web Agency | Studio Grafico e Web Design | Bolzano","og_url":"https:\/\/caserwebagency.it\/de\/privacy-policy-2\/","og_site_name":"Caser Web Agency | Studio Grafico e Web Design | Bolzano","article_publisher":"https:\/\/www.facebook.com\/caserwebagency","article_modified_time":"2024-10-19T06:00:50+00:00","twitter_card":"summary_large_image","twitter_site":"@caserwebagency","twitter_misc":{"Gesch\u00e4tzte Lesezeit":"3\u00a0Minuten"},"schema":{"@context":"https:\/\/schema.org","@graph":[{"@type":"Organization","@id":"https:\/\/caserwebagency.it\/#organization","name":"Caser Web Agency","url":"https:\/\/caserwebagency.it\/","sameAs":["https:\/\/www.facebook.com\/caserwebagency","https:\/\/www.instagram.com\/caserwebagency\/","https:\/\/www.youtube.com\/user\/BizetaWeb","https:\/\/twitter.com\/caserwebagency"],"logo":{"@type":"ImageObject","@id":"https:\/\/caserwebagency.it\/#logo","inLanguage":"de","url":"https:\/\/caserwebagency.it\/wp-content\/uploads\/2022\/03\/logo-01.png","contentUrl":"https:\/\/caserwebagency.it\/wp-content\/uploads\/2022\/03\/logo-01.png","width":900,"height":250,"caption":"Caser Web Agency"},"image":{"@id":"https:\/\/caserwebagency.it\/#logo"}},{"@type":"WebSite","@id":"https:\/\/caserwebagency.it\/#website","url":"https:\/\/caserwebagency.it\/","name":"Caser Web Agency | Studio Grafico e Web Design | Bolzano","description":"Siamo esperti in web design e realizzazione di siti web","publisher":{"@id":"https:\/\/caserwebagency.it\/#organization"},"potentialAction":[{"@type":"SearchAction","target":{"@type":"EntryPoint","urlTemplate":"https:\/\/caserwebagency.it\/?s={search_term_string}"},"query-input":"required name=search_term_string"}],"inLanguage":"de"},{"@type":"WebPage","@id":"https:\/\/caserwebagency.it\/de\/privacy-policy-2\/#webpage","url":"https:\/\/caserwebagency.it\/de\/privacy-policy-2\/","name":"Privacy Policy - Caser Web Agency | Studio Grafico e Web Design | Bolzano","isPartOf":{"@id":"https:\/\/caserwebagency.it\/#website"},"datePublished":"2022-03-22T17:59:50+00:00","dateModified":"2024-10-19T06:00:50+00:00","breadcrumb":{"@id":"https:\/\/caserwebagency.it\/de\/privacy-policy-2\/#breadcrumb"},"inLanguage":"de","potentialAction":[{"@type":"ReadAction","target":["https:\/\/caserwebagency.it\/de\/privacy-policy-2\/"]}]},{"@type":"BreadcrumbList","@id":"https:\/\/caserwebagency.it\/de\/privacy-policy-2\/#breadcrumb","itemListElement":[{"@type":"ListItem","position":1,"name":"Home","item":"https:\/\/caserwebagency.it\/de\/"},{"@type":"ListItem","position":2,"name":"Privacy Policy"}]}]}},"_links":{"self":[{"href":"https:\/\/caserwebagency.it\/de\/wp-json\/wp\/v2\/pages\/5249"}],"collection":[{"href":"https:\/\/caserwebagency.it\/de\/wp-json\/wp\/v2\/pages"}],"about":[{"href":"https:\/\/caserwebagency.it\/de\/wp-json\/wp\/v2\/types\/page"}],"author":[{"embeddable":true,"href":"https:\/\/caserwebagency.it\/de\/wp-json\/wp\/v2\/users\/1"}],"replies":[{"embeddable":true,"href":"https:\/\/caserwebagency.it\/de\/wp-json\/wp\/v2\/comments?post=5249"}],"version-history":[{"count":8,"href":"https:\/\/caserwebagency.it\/de\/wp-json\/wp\/v2\/pages\/5249\/revisions"}],"predecessor-version":[{"id":6378,"href":"https:\/\/caserwebagency.it\/de\/wp-json\/wp\/v2\/pages\/5249\/revisions\/6378"}],"wp:attachment":[{"href":"https:\/\/caserwebagency.it\/de\/wp-json\/wp\/v2\/media?parent=5249"}],"curies":[{"name":"wp","href":"https:\/\/api.w.org\/{rel}","templated":true}]}}