{"id":5325,"date":"2015-06-09T14:42:26","date_gmt":"2015-06-09T14:42:26","guid":{"rendered":"https:\/\/caserwebagency.it\/portfolio\/"},"modified":"2022-05-07T10:38:38","modified_gmt":"2022-05-07T08:38:38","slug":"portfolio","status":"publish","type":"page","link":"https:\/\/caserwebagency.it\/de\/","title":{"rendered":"Home"},"content":{"rendered":"<section class=\"l-section wpb_row height_auto width_full\" id=\"contenido\"><div class=\"l-section-h i-cf\"><div class=\"g-cols vc_row type_default valign_top\"><div class=\"vc_col-sm-12 wpb_column vc_column_container\"><div class=\"vc_column-inner\"><div class=\"wpb_wrapper\"><div class=\"w-grid us_custom_3090c82c type_metro layout_4404 with_css_animation ratio_1x1\" id=\"us_grid_1\" data-filterable=\"true\"><style id=\"us_grid_1_css\">#us_grid_1 .w-grid-item{padding:5px}#us_grid_1 .w-grid-list{margin:-5px -5px 5px}.w-grid + #us_grid_1 .w-grid-list{margin-top:5px}#us_grid_1 .w-grid-item-h:before{padding-bottom:100.0000%}<\/style><style>.layout_4404 .w-grid-item-h:before{padding-bottom:100.0000%}@media (min-width:600px){.layout_4404 .w-grid-item.size_1x2 .w-grid-item-h:before{padding-bottom:calc(200.0000% + 5px + 5px)}.layout_4404 .w-grid-item.size_2x1 .w-grid-item-h:before{padding-bottom:calc(50.0000% - 5px * 1.0000)}.layout_4404 .w-grid-item.size_2x2 .w-grid-item-h:before{padding-bottom:calc(100.0000% - 5px * 0)}}.layout_4404 .w-grid-item-h{background:#646cfd;color:#ffffff}.layout_4404 .usg_post_image_1{transition-duration:0.5s;transform-origin:100% 100%;transform:scale(1) translate(0%,0%)}.layout_4404 .w-grid-item-h:hover .usg_post_image_1{transform:scale(1.20) translate(0%,0%);opacity:0.1}.layout_4404 .usg_post_title_1{transition-duration:0.35s;transform-origin:50% 50%;transform:scale(1) translate(0%,0%)}.layout_4404 .w-grid-item-h:hover .usg_post_title_1{transform:scale(1) translate(0%,0%);opacity:1;color:#ffffff!important}.layout_4404 .usg_post_taxonomy_1{transition-duration:0.3s;transform-origin:50% 50%;transform:scale(1) translate(0%,-40px);opacity:0}.layout_4404 .w-grid-item-h:hover .usg_post_taxonomy_1{transform:scale(1) translate(0%,0%);opacity:1}.layout_4404 .usg_post_content_1{transition-duration:0.5s;transform-origin:50% 50%;transform:scale(1) translate(0%,-3rem);opacity:0}.layout_4404 .w-grid-item-h:hover .usg_post_content_1{transform:scale(1) translate(0%,0%);opacity:1}@media(max-width:1399px){.layout_4404 .usg_post_content_1{display:none!important}}.layout_4404 .usg_post_image_1{position:absolute!important;left:0!important;top:0!important;bottom:0!important;right:0!important}.layout_4404 .usg_vwrapper_1{padding-left:10%!important;padding-top:10%!important;padding-right:10%!important;position:absolute!important;left:0!important;top:0!important;bottom:0!important;right:0!important}.layout_4404 .usg_post_title_1{color:inherit!important;font-size:calc(12px + 1vw)!important}.layout_4404 .usg_post_taxonomy_1{color:#ffffff!important;font-family:'Poppins',sans-serif!important;font-size:0.9rem!important;line-height:1!important;margin-bottom:3rem!important}.layout_4404 .usg_post_content_1{color:#ffffff!important;font-size:0.9rem!important;line-height:1.5!important}<\/style><div class=\"w-grid-list\" >\t<article class=\"w-grid-item animate_wfc size_1x1 post-5343 us_portfolio type-us_portfolio status-publish has-post-thumbnail hentry us_portfolio_category-web-design-de\" data-id=\"5343\" style=\"animation-delay:0s\">\r\n\t\t<div class=\"w-grid-item-h\">\r\n\t\t\t\t\t\t\t<a class=\"w-grid-item-anchor\" href=\"https:\/\/caserwebagency.it\/de\/leistungen\/verfuegbare-domains\/\" rel=\"bookmark\" aria-label=\"Verf\u00fcgbare Domains\"><\/a>\r\n\t\t\t\t\t\t<div class=\"w-post-elm post_image usg_post_image_1 stretched\"><img loading=\"lazy\" decoding=\"async\" width=\"1500\" height=\"1415\" src=\"https:\/\/caserwebagency.it\/wp-content\/uploads\/2022\/03\/domini-in-vendita.jpg\" class=\"attachment-full size-full wp-post-image\" alt=\"\" srcset=\"https:\/\/caserwebagency.it\/wp-content\/uploads\/2022\/03\/domini-in-vendita.jpg 1500w, https:\/\/caserwebagency.it\/wp-content\/uploads\/2022\/03\/domini-in-vendita-300x283.jpg 300w, https:\/\/caserwebagency.it\/wp-content\/uploads\/2022\/03\/domini-in-vendita-1024x966.jpg 1024w\" sizes=\"(max-width: 1500px) 100vw, 1500px\" \/><\/div><div class=\"w-vwrapper usg_vwrapper_1 align_left valign_top\"><h2 class=\"w-post-elm post_title usg_post_title_1 entry-title color_link_inherit has_text_color\">Verf\u00fcgbare Domains<\/h2><div class=\"w-post-elm post_taxonomy usg_post_taxonomy_1 style_simple color_link_inherit has_text_color\"><span >Web Design<\/span><\/div><div class=\"w-post-elm post_content usg_post_content_1\">Verf\u00fcgbare Domains Diese Domains stehen zum Verkauf. Infos und Anfragen unter: info@caserwebagency.it &#8211; 0471 366641&hellip;<\/div><\/div>\t\t<\/div>\r\n\t<\/article>\r\n\t<article class=\"w-grid-item animate_wfc size_1x1 post-5383 us_portfolio type-us_portfolio status-publish has-post-thumbnail hentry us_portfolio_category-web-design-de\" data-id=\"5383\" style=\"animation-delay:0.1s\">\r\n\t\t<div class=\"w-grid-item-h\" style=\"color:#ffffff;\">\r\n\t\t\t\t\t\t\t<a class=\"w-grid-item-anchor\" href=\"https:\/\/caserwebagency.it\/de\/leistungen\/caser-hotel\/\" rel=\"bookmark\" aria-label=\"BZ Hotel\"><\/a>\r\n\t\t\t\t\t\t<div class=\"w-post-elm post_image usg_post_image_1 stretched\"><img loading=\"lazy\" decoding=\"async\" width=\"1500\" height=\"1164\" src=\"https:\/\/caserwebagency.it\/wp-content\/uploads\/2019\/12\/services-04.jpg\" class=\"attachment-full size-full wp-post-image\" alt=\"\" srcset=\"https:\/\/caserwebagency.it\/wp-content\/uploads\/2019\/12\/services-04.jpg 1500w, https:\/\/caserwebagency.it\/wp-content\/uploads\/2019\/12\/services-04-300x233.jpg 300w, https:\/\/caserwebagency.it\/wp-content\/uploads\/2019\/12\/services-04-1024x795.jpg 1024w\" sizes=\"(max-width: 1500px) 100vw, 1500px\" \/><\/div><div class=\"w-vwrapper usg_vwrapper_1 align_left valign_top\"><h2 class=\"w-post-elm post_title usg_post_title_1 entry-title color_link_inherit has_text_color\">BZ Hotel<\/h2><div class=\"w-post-elm post_taxonomy usg_post_taxonomy_1 style_simple color_link_inherit has_text_color\"><span >Web Design<\/span><\/div><div class=\"w-post-elm post_content usg_post_content_1\">Das CMS BZ Hotel wurde von unserem Team aus erfahrenen Fachleuten entwickelt.<\/div><\/div>\t\t<\/div>\r\n\t<\/article>\r\n\t<article class=\"w-grid-item animate_wfc size_1x1 post-5397 us_portfolio type-us_portfolio status-publish has-post-thumbnail hentry us_portfolio_category-web-design-de\" data-id=\"5397\" style=\"animation-delay:0.2s\">\r\n\t\t<div class=\"w-grid-item-h\" style=\"color:#222222;\">\r\n\t\t\t\t\t\t\t<a class=\"w-grid-item-anchor\" href=\"https:\/\/caserwebagency.it\/de\/leistungen\/web-collection\/\" rel=\"bookmark\" aria-label=\"Web Collection\"><\/a>\r\n\t\t\t\t\t\t<div class=\"w-post-elm post_image usg_post_image_1 stretched\"><img loading=\"lazy\" decoding=\"async\" width=\"1116\" height=\"1156\" src=\"https:\/\/caserwebagency.it\/wp-content\/uploads\/2019\/10\/website-templates.jpg\" class=\"attachment-full size-full wp-post-image\" alt=\"\" srcset=\"https:\/\/caserwebagency.it\/wp-content\/uploads\/2019\/10\/website-templates.jpg 1116w, https:\/\/caserwebagency.it\/wp-content\/uploads\/2019\/10\/website-templates-290x300.jpg 290w, https:\/\/caserwebagency.it\/wp-content\/uploads\/2019\/10\/website-templates-989x1024.jpg 989w\" sizes=\"(max-width: 1116px) 100vw, 1116px\" \/><\/div><div class=\"w-vwrapper usg_vwrapper_1 align_left valign_top\"><h2 class=\"w-post-elm post_title usg_post_title_1 entry-title color_link_inherit has_text_color\">Web Collection<\/h2><div class=\"w-post-elm post_taxonomy usg_post_taxonomy_1 style_simple color_link_inherit has_text_color\"><span >Web Design<\/span><\/div><div class=\"w-post-elm post_content usg_post_content_1\">Die Designkollektion ist aus der Idee entstanden, jedem Unternehmen die M\u00f6glichkeit zu einer eigenen<\/div><\/div>\t\t<\/div>\r\n\t<\/article>\r\n\t<article class=\"w-grid-item animate_wfc size_1x1 post-5391 us_portfolio type-us_portfolio status-publish has-post-thumbnail hentry us_portfolio_category-web-design-de\" data-id=\"5391\" style=\"animation-delay:0.3s\">\r\n\t\t<div class=\"w-grid-item-h\" style=\"color:#ffc9d5;\">\r\n\t\t\t\t\t\t\t<a class=\"w-grid-item-anchor\" href=\"https:\/\/caserwebagency.it\/de\/leistungen\/responsive-collection\/\" rel=\"bookmark\" aria-label=\"Responsive Collection\"><\/a>\r\n\t\t\t\t\t\t<div class=\"w-post-elm post_image usg_post_image_1 stretched\"><img loading=\"lazy\" decoding=\"async\" width=\"1040\" height=\"882\" src=\"https:\/\/caserwebagency.it\/wp-content\/uploads\/2019\/10\/responsive-design-1.jpg\" class=\"attachment-full size-full wp-post-image\" alt=\"\" srcset=\"https:\/\/caserwebagency.it\/wp-content\/uploads\/2019\/10\/responsive-design-1.jpg 1040w, https:\/\/caserwebagency.it\/wp-content\/uploads\/2019\/10\/responsive-design-1-300x254.jpg 300w, https:\/\/caserwebagency.it\/wp-content\/uploads\/2019\/10\/responsive-design-1-1024x868.jpg 1024w\" sizes=\"(max-width: 1040px) 100vw, 1040px\" \/><\/div><div class=\"w-vwrapper usg_vwrapper_1 align_left valign_top\"><h2 class=\"w-post-elm post_title usg_post_title_1 entry-title color_link_inherit has_text_color\">Responsive Collection<\/h2><div class=\"w-post-elm post_taxonomy usg_post_taxonomy_1 style_simple color_link_inherit has_text_color\"><span >Web Design<\/span><\/div><div class=\"w-post-elm post_content usg_post_content_1\">Sie ist eine Webseite, welche durch eine neue Technik des Webdesign dazu f\u00fchrt, dass sich&hellip;<\/div><\/div>\t\t<\/div>\r\n\t<\/article>\r\n\t<article class=\"w-grid-item animate_wfc size_1x1 post-5345 us_portfolio type-us_portfolio status-publish has-post-thumbnail hentry us_portfolio_category-web-design-de\" data-id=\"5345\" style=\"animation-delay:0s\">\r\n\t\t<div class=\"w-grid-item-h\" style=\"color:#2b212b;\">\r\n\t\t\t\t\t\t\t<a class=\"w-grid-item-anchor\" href=\"https:\/\/caserwebagency.it\/de\/leistungen\/web-design\/\" rel=\"bookmark\" aria-label=\"Web design\"><\/a>\r\n\t\t\t\t\t\t<div class=\"w-post-elm post_image usg_post_image_1 stretched\"><img loading=\"lazy\" decoding=\"async\" width=\"1388\" height=\"1116\" src=\"https:\/\/caserwebagency.it\/wp-content\/uploads\/2018\/11\/services-01.jpg\" class=\"attachment-full size-full wp-post-image\" alt=\"\" srcset=\"https:\/\/caserwebagency.it\/wp-content\/uploads\/2018\/11\/services-01.jpg 1388w, https:\/\/caserwebagency.it\/wp-content\/uploads\/2018\/11\/services-01-300x241.jpg 300w, https:\/\/caserwebagency.it\/wp-content\/uploads\/2018\/11\/services-01-1024x823.jpg 1024w\" sizes=\"(max-width: 1388px) 100vw, 1388px\" \/><\/div><div class=\"w-vwrapper usg_vwrapper_1 align_left valign_top\"><h2 class=\"w-post-elm post_title usg_post_title_1 entry-title color_link_inherit has_text_color\">Web design<\/h2><div class=\"w-post-elm post_taxonomy usg_post_taxonomy_1 style_simple color_link_inherit has_text_color\"><span >Web Design<\/span><\/div><div class=\"w-post-elm post_content usg_post_content_1\">Das World Wide Web ist schon immer unsere Berufung.<\/div><\/div>\t\t<\/div>\r\n\t<\/article>\r\n\t<article class=\"w-grid-item animate_wfc size_1x1 post-5404 us_portfolio type-us_portfolio status-publish has-post-thumbnail hentry us_portfolio_category-web-design-de\" data-id=\"5404\" style=\"animation-delay:0.1s\">\r\n\t\t<div class=\"w-grid-item-h\" style=\"color:#1f6100;\">\r\n\t\t\t\t\t\t\t<a class=\"w-grid-item-anchor\" href=\"https:\/\/caserwebagency.it\/de\/leistungen\/caser-uternehmen-cms\/\" rel=\"bookmark\" aria-label=\"BZ Unternehmen CMS\"><\/a>\r\n\t\t\t\t\t\t<div class=\"w-post-elm post_image usg_post_image_1 stretched\"><img loading=\"lazy\" decoding=\"async\" width=\"1080\" height=\"1000\" src=\"https:\/\/caserwebagency.it\/wp-content\/uploads\/2018\/11\/aziende-cms-02-1.jpg\" class=\"attachment-full size-full wp-post-image\" alt=\"\" srcset=\"https:\/\/caserwebagency.it\/wp-content\/uploads\/2018\/11\/aziende-cms-02-1.jpg 1080w, https:\/\/caserwebagency.it\/wp-content\/uploads\/2018\/11\/aziende-cms-02-1-300x278.jpg 300w, https:\/\/caserwebagency.it\/wp-content\/uploads\/2018\/11\/aziende-cms-02-1-1024x948.jpg 1024w\" sizes=\"(max-width: 1080px) 100vw, 1080px\" \/><\/div><div class=\"w-vwrapper usg_vwrapper_1 align_left valign_top\"><h2 class=\"w-post-elm post_title usg_post_title_1 entry-title color_link_inherit has_text_color\">BZ Unternehmen CMS<\/h2><div class=\"w-post-elm post_taxonomy usg_post_taxonomy_1 style_simple color_link_inherit has_text_color\"><span >Web Design<\/span><\/div><div class=\"w-post-elm post_content usg_post_content_1\">BZ CMS ist von unserem Team entwickelt worden, das auf eine reiche Erfahrung in diesem&hellip;<\/div><\/div>\t\t<\/div>\r\n\t<\/article>\r\n<\/div><div class=\"w-grid-preloader\"><div class=\"g-preloader type_1\">\r\n\t<div><\/div>\r\n<\/div>\r\n<\/div>\t\t<div class=\"g-loadmore \">\r\n\t\t\t<div class=\"g-preloader type_1\">\r\n\t\t\t\t<div><\/div>\r\n\t\t\t<\/div>\r\n\t\t\t<a class=\"w-btn us-btn-style_1\" href=\"javascript:void(0)\">\r\n\t\t\t\t<span class=\"w-btn-label\">Mehr laden<\/span>\r\n\t\t\t<\/a>\r\n\t\t<\/div>\r\n\t\t\t<div class=\"w-grid-json hidden\" onclick='return {&quot;action&quot;:&quot;us_ajax_grid&quot;,&quot;ajax_url&quot;:&quot;https:\\\/\\\/caserwebagency.it\\\/wp-admin\\\/admin-ajax.php&quot;,&quot;infinite_scroll&quot;:true,&quot;max_num_pages&quot;:2,&quot;pagination&quot;:&quot;ajax&quot;,&quot;permalink_url&quot;:&quot;https:\\\/\\\/caserwebagency.it\\\/de\\\/wp-json\\\/wp\\\/v2\\\/pages\\\/5325\\\/&quot;,&quot;template_vars&quot;:{&quot;columns&quot;:&quot;2&quot;,&quot;exclude_items&quot;:&quot;none&quot;,&quot;img_size&quot;:&quot;full&quot;,&quot;ignore_items_size&quot;:false,&quot;items_layout&quot;:&quot;4404&quot;,&quot;items_offset&quot;:&quot;1&quot;,&quot;load_animation&quot;:&quot;wfc&quot;,&quot;overriding_link&quot;:&quot;post&quot;,&quot;post_id&quot;:5325,&quot;query_args&quot;:{&quot;post_type&quot;:[&quot;us_portfolio&quot;],&quot;tax_query&quot;:[{&quot;taxonomy&quot;:&quot;us_portfolio_category&quot;,&quot;field&quot;:&quot;slug&quot;,&quot;terms&quot;:[&quot;branding&quot;,&quot;mobile-apps&quot;,&quot;web-design&quot;,&quot;social-media&quot;]}],&quot;post_status&quot;:[&quot;publish&quot;],&quot;posts_per_page&quot;:&quot;6&quot;},&quot;orderby_query_args&quot;:{&quot;orderby&quot;:{&quot;date&quot;:&quot;DESC&quot;}},&quot;type&quot;:&quot;metro&quot;,&quot;us_grid_ajax_index&quot;:1,&quot;us_grid_filter_params&quot;:null,&quot;us_grid_index&quot;:1,&quot;_us_grid_post_type&quot;:&quot;us_portfolio&quot;,&quot;lang&quot;:&quot;de&quot;}}'><\/div>\r\n\t<\/div><\/div><\/div><\/div><\/div><\/div><\/section>\n","protected":false},"excerpt":{"rendered":"01 BZ CMS &#8211; die ideale L\u00f6sung f\u00fcr Betriebe und Unternehmen BZ CMS wurde von unserem Team aus erfahrenen Fachleuten entwickelt.. Mit BZ CMS k\u00f6nnen Sie ihre Website ganz einfach und intuitiv selbst verwalten: Seitentexte: BZ CMS funktioniert mit einem integrierten HTML-Editor (\u00e4hnlich wie der Word-Editor), mit dem sich die Inhalte der einzelnen Webseiten ganz...","protected":false},"author":1,"featured_media":0,"parent":0,"menu_order":0,"comment_status":"closed","ping_status":"closed","template":"","meta":{"footnotes":""},"class_list":["post-5325","page","type-page","status-publish","hentry"],"yoast_head":"<!-- This site is optimized with the Yoast SEO plugin v18.4.1 - https:\/\/yoast.com\/wordpress\/plugins\/seo\/ -->\n<title>Home - Caser Web Agency | Studio Grafico e Web Design | Bolzano<\/title>\n<meta name=\"robots\" content=\"index, follow, max-snippet:-1, max-image-preview:large, max-video-preview:-1\" \/>\n<link rel=\"canonical\" href=\"https:\/\/caserwebagency.it\/de\/\" \/>\n<meta property=\"og:locale\" content=\"de_DE\" \/>\n<meta property=\"og:type\" content=\"article\" \/>\n<meta property=\"og:title\" content=\"Home - Caser Web Agency | Studio Grafico e Web Design | Bolzano\" \/>\n<meta property=\"og:url\" content=\"https:\/\/caserwebagency.it\/de\/\" \/>\n<meta property=\"og:site_name\" content=\"Caser Web Agency | Studio Grafico e Web Design | Bolzano\" \/>\n<meta property=\"article:publisher\" content=\"https:\/\/www.facebook.com\/caserwebagency\" \/>\n<meta property=\"article:modified_time\" content=\"2022-05-07T08:38:38+00:00\" \/>\n<meta name=\"twitter:card\" content=\"summary_large_image\" \/>\n<meta name=\"twitter:site\" content=\"@caserwebagency\" \/>\n<script type=\"application\/ld+json\" class=\"yoast-schema-graph\">{\"@context\":\"https:\/\/schema.org\",\"@graph\":[{\"@type\":\"Organization\",\"@id\":\"https:\/\/caserwebagency.it\/#organization\",\"name\":\"Caser Web Agency\",\"url\":\"https:\/\/caserwebagency.it\/\",\"sameAs\":[\"https:\/\/www.facebook.com\/caserwebagency\",\"https:\/\/www.instagram.com\/caserwebagency\/\",\"https:\/\/www.youtube.com\/user\/BizetaWeb\",\"https:\/\/twitter.com\/caserwebagency\"],\"logo\":{\"@type\":\"ImageObject\",\"@id\":\"https:\/\/caserwebagency.it\/#logo\",\"inLanguage\":\"de\",\"url\":\"https:\/\/caserwebagency.it\/wp-content\/uploads\/2022\/03\/logo-01.png\",\"contentUrl\":\"https:\/\/caserwebagency.it\/wp-content\/uploads\/2022\/03\/logo-01.png\",\"width\":900,\"height\":250,\"caption\":\"Caser Web Agency\"},\"image\":{\"@id\":\"https:\/\/caserwebagency.it\/#logo\"}},{\"@type\":\"WebSite\",\"@id\":\"https:\/\/caserwebagency.it\/#website\",\"url\":\"https:\/\/caserwebagency.it\/\",\"name\":\"Caser Web Agency | Studio Grafico e Web Design | Bolzano\",\"description\":\"Siamo esperti in web design e realizzazione di siti web\",\"publisher\":{\"@id\":\"https:\/\/caserwebagency.it\/#organization\"},\"potentialAction\":[{\"@type\":\"SearchAction\",\"target\":{\"@type\":\"EntryPoint\",\"urlTemplate\":\"https:\/\/caserwebagency.it\/?s={search_term_string}\"},\"query-input\":\"required name=search_term_string\"}],\"inLanguage\":\"de\"},{\"@type\":\"WebPage\",\"@id\":\"https:\/\/caserwebagency.it\/de\/#webpage\",\"url\":\"https:\/\/caserwebagency.it\/de\/\",\"name\":\"Home - Caser Web Agency | Studio Grafico e Web Design | Bolzano\",\"isPartOf\":{\"@id\":\"https:\/\/caserwebagency.it\/#website\"},\"datePublished\":\"2015-06-09T14:42:26+00:00\",\"dateModified\":\"2022-05-07T08:38:38+00:00\",\"breadcrumb\":{\"@id\":\"https:\/\/caserwebagency.it\/de\/#breadcrumb\"},\"inLanguage\":\"de\",\"potentialAction\":[{\"@type\":\"ReadAction\",\"target\":[\"https:\/\/caserwebagency.it\/de\/\"]}]},{\"@type\":\"BreadcrumbList\",\"@id\":\"https:\/\/caserwebagency.it\/de\/#breadcrumb\",\"itemListElement\":[{\"@type\":\"ListItem\",\"position\":1,\"name\":\"Home\",\"item\":\"https:\/\/caserwebagency.it\/de\/\"},{\"@type\":\"ListItem\",\"position\":2,\"name\":\"Home\"}]}]}<\/script>\n<!-- \/ Yoast SEO plugin. -->","yoast_head_json":{"title":"Home - Caser Web Agency | Studio Grafico e Web Design | Bolzano","robots":{"index":"index","follow":"follow","max-snippet":"max-snippet:-1","max-image-preview":"max-image-preview:large","max-video-preview":"max-video-preview:-1"},"canonical":"https:\/\/caserwebagency.it\/de\/","og_locale":"de_DE","og_type":"article","og_title":"Home - Caser Web Agency | Studio Grafico e Web Design | Bolzano","og_url":"https:\/\/caserwebagency.it\/de\/","og_site_name":"Caser Web Agency | Studio Grafico e Web Design | Bolzano","article_publisher":"https:\/\/www.facebook.com\/caserwebagency","article_modified_time":"2022-05-07T08:38:38+00:00","twitter_card":"summary_large_image","twitter_site":"@caserwebagency","schema":{"@context":"https:\/\/schema.org","@graph":[{"@type":"Organization","@id":"https:\/\/caserwebagency.it\/#organization","name":"Caser Web Agency","url":"https:\/\/caserwebagency.it\/","sameAs":["https:\/\/www.facebook.com\/caserwebagency","https:\/\/www.instagram.com\/caserwebagency\/","https:\/\/www.youtube.com\/user\/BizetaWeb","https:\/\/twitter.com\/caserwebagency"],"logo":{"@type":"ImageObject","@id":"https:\/\/caserwebagency.it\/#logo","inLanguage":"de","url":"https:\/\/caserwebagency.it\/wp-content\/uploads\/2022\/03\/logo-01.png","contentUrl":"https:\/\/caserwebagency.it\/wp-content\/uploads\/2022\/03\/logo-01.png","width":900,"height":250,"caption":"Caser Web Agency"},"image":{"@id":"https:\/\/caserwebagency.it\/#logo"}},{"@type":"WebSite","@id":"https:\/\/caserwebagency.it\/#website","url":"https:\/\/caserwebagency.it\/","name":"Caser Web Agency | Studio Grafico e Web Design | Bolzano","description":"Siamo esperti in web design e realizzazione di siti web","publisher":{"@id":"https:\/\/caserwebagency.it\/#organization"},"potentialAction":[{"@type":"SearchAction","target":{"@type":"EntryPoint","urlTemplate":"https:\/\/caserwebagency.it\/?s={search_term_string}"},"query-input":"required name=search_term_string"}],"inLanguage":"de"},{"@type":"WebPage","@id":"https:\/\/caserwebagency.it\/de\/#webpage","url":"https:\/\/caserwebagency.it\/de\/","name":"Home - Caser Web Agency | Studio Grafico e Web Design | Bolzano","isPartOf":{"@id":"https:\/\/caserwebagency.it\/#website"},"datePublished":"2015-06-09T14:42:26+00:00","dateModified":"2022-05-07T08:38:38+00:00","breadcrumb":{"@id":"https:\/\/caserwebagency.it\/de\/#breadcrumb"},"inLanguage":"de","potentialAction":[{"@type":"ReadAction","target":["https:\/\/caserwebagency.it\/de\/"]}]},{"@type":"BreadcrumbList","@id":"https:\/\/caserwebagency.it\/de\/#breadcrumb","itemListElement":[{"@type":"ListItem","position":1,"name":"Home","item":"https:\/\/caserwebagency.it\/de\/"},{"@type":"ListItem","position":2,"name":"Home"}]}]}},"_links":{"self":[{"href":"https:\/\/caserwebagency.it\/de\/wp-json\/wp\/v2\/pages\/5325"}],"collection":[{"href":"https:\/\/caserwebagency.it\/de\/wp-json\/wp\/v2\/pages"}],"about":[{"href":"https:\/\/caserwebagency.it\/de\/wp-json\/wp\/v2\/types\/page"}],"author":[{"embeddable":true,"href":"https:\/\/caserwebagency.it\/de\/wp-json\/wp\/v2\/users\/1"}],"replies":[{"embeddable":true,"href":"https:\/\/caserwebagency.it\/de\/wp-json\/wp\/v2\/comments?post=5325"}],"version-history":[{"count":5,"href":"https:\/\/caserwebagency.it\/de\/wp-json\/wp\/v2\/pages\/5325\/revisions"}],"predecessor-version":[{"id":6241,"href":"https:\/\/caserwebagency.it\/de\/wp-json\/wp\/v2\/pages\/5325\/revisions\/6241"}],"wp:attachment":[{"href":"https:\/\/caserwebagency.it\/de\/wp-json\/wp\/v2\/media?parent=5325"}],"curies":[{"name":"wp","href":"https:\/\/api.w.org\/{rel}","templated":true}]}}