{"id":5354,"date":"2019-10-31T16:30:23","date_gmt":"2019-10-31T16:30:23","guid":{"rendered":"https:\/\/caserwebagency.it\/about\/"},"modified":"2022-04-14T13:15:32","modified_gmt":"2022-04-14T11:15:32","slug":"about","status":"publish","type":"page","link":"https:\/\/caserwebagency.it\/de\/about\/","title":{"rendered":"Unternehmen"},"content":{"rendered":"<section class=\"l-section wpb_row height_large with_img with_overlay\"><div class=\"l-section-img\" style=\"background-image: url(https:\/\/caserwebagency.it\/wp-content\/uploads\/2022\/03\/headings.jpg);\" data-img-width=\"1800\" data-img-height=\"1200\"><\/div><div class=\"l-section-overlay\" style=\"background: rgba(26,26,26,0.70)\"><\/div><div class=\"l-section-h i-cf\"><div class=\"g-cols vc_row type_default valign_top\"><div class=\"vc_col-sm-12 wpb_column vc_column_container has_text_color\"><div class=\"vc_column-inner us_custom_6df4bc3a\"><div class=\"wpb_wrapper\"><div class=\"wpb_text_column\" ><div class=\"wpb_wrapper\"><h2>Weit mehr als ein Werbestudio<\/h2>\n<\/div><\/div><div class=\"ult-spacer spacer-6a01cbbf93471\" data-id=\"6a01cbbf93471\" data-height=\"30\" data-height-mobile=\"30\" data-height-tab=\"30\" data-height-tab-portrait=\"\" data-height-mobile-landscape=\"\" style=\"clear:both;display:block;\"><\/div><h4 class=\"w-itext us_custom_0c4647da type_fadeIn align_left disable_part_animation has-content-primary-color\" onclick='return {&quot;duration&quot;:100,&quot;delay&quot;:2000,&quot;disablePartAnimation&quot;:true,&quot;html_nbsp_char&quot;:false}'><span class=\"w-itext-part changesat_0 changesat_1 changesat_2 changesat_3 dynamic\" onclick='return [&quot;Web Design&quot;,&quot;Grafica &amp; Stampa&quot;,&quot;Foto &amp; Video&quot;,&quot;Consulenza Marketing&quot;]'><span>Web Design<\/span><\/span><\/h4><\/div><\/div><\/div><\/div><\/div><\/section><section class=\"l-section wpb_row height_medium\"><div class=\"l-section-h i-cf\"><div class=\"g-cols vc_row type_default valign_top\"><div class=\"vc_col-sm-12 wpb_column vc_column_container\"><div class=\"vc_column-inner\"><div class=\"wpb_wrapper\"><div class=\"wpb_text_column\" ><div class=\"wpb_wrapper\"><h5>Das Rundum-Kommunikationspaket f\u00fcr Hotels, Unternehmen oder Tourismuseinrichtungen:<\/h5>\n<\/div><\/div><div class=\"ult-spacer spacer-6a01cbbf94857\" data-id=\"6a01cbbf94857\" data-height=\"30\" data-height-mobile=\"30\" data-height-tab=\"30\" data-height-tab-portrait=\"\" data-height-mobile-landscape=\"\" style=\"clear:both;display:block;\"><\/div><div class=\"wpb_text_column\" ><div class=\"wpb_wrapper\"><p>Entwicklung von Logo und einheitlichem <a href=\"https:\/\/caserwebagency.it\/de\/leistungen\/grafik-druck\/https:\/\/caserwebagency.it\/de\/leistungen\/grafik-druck\/\">Erscheinungsbild\/Corporate Design<\/a>, <a href=\"https:\/\/caserwebagency.it\/de\/leistungen\/web-design\/\">Webseitengestaltung<\/a>, <a href=\"https:\/\/caserwebagency.it\/de\/leistungen\/responsive-collection\/\">Webdesign<\/a>, <a href=\"https:\/\/caserwebagency.it\/de\/leistungen\/web-marketing\/\">Marketing<\/a>, <a href=\"https:\/\/caserwebagency.it\/de\/leistungen\/video-und-fotografie\/\">Videoproduktionen<\/a> und vieles mehr.<\/p>\n<\/div><\/div><\/div><\/div><\/div><\/div><\/div><\/section><section class=\"l-section wpb_row us_custom_887a049b height_medium\"><div class=\"l-section-h i-cf\"><div class=\"g-cols vc_row type_default valign_top\"><div class=\"vc_col-sm-3 vc_col-lg-3 vc_col-md-6 vc_col-xs-12 wpb_column vc_column_container\"><div class=\"vc_column-inner\"><div class=\"wpb_wrapper\"><div class=\"wpb_text_column\" ><div class=\"wpb_wrapper\"><p>01<\/p>\n<\/div><\/div><div class=\"wpb_text_column\" ><div class=\"wpb_wrapper\"><h4>Web Design<\/h4>\n<p>Wir erstellen Webseiten und Portale f\u00fcr Unternehmen, Tourismuseinrichtungen und zahlreiche Hotels.<\/p>\n<\/div><\/div><\/div><\/div><\/div><div class=\"vc_col-sm-3 vc_col-lg-3 vc_col-md-6 vc_col-xs-12 wpb_column vc_column_container\"><div class=\"vc_column-inner\"><div class=\"wpb_wrapper\"><div class=\"wpb_text_column\" ><div class=\"wpb_wrapper\"><p>02<\/p>\n<\/div><\/div><div class=\"wpb_text_column\" ><div class=\"wpb_wrapper\"><h4>Grafik &amp; Druck<\/h4>\n<p>Beispiel die Erstellung und der Druck eines Prospektes, der Druck von Visitenkarten und Katalogen, Kalender\u2026<\/p>\n<\/div><\/div><\/div><\/div><\/div><div class=\"vc_col-sm-3 vc_col-lg-3 vc_col-md-6 vc_col-xs-12 wpb_column vc_column_container\"><div class=\"vc_column-inner\"><div class=\"wpb_wrapper\"><div class=\"wpb_text_column\" ><div class=\"wpb_wrapper\"><p>03<\/p>\n<\/div><\/div><div class=\"wpb_text_column\" ><div class=\"wpb_wrapper\"><h4>Foto &amp; Video<\/h4>\n<p>Videos und Foto-Shootings, Unternehmensvideos , Video f\u00fcr Hotel, Fotodienstleistungen f\u00fcr Hotels.<\/p>\n<\/div><\/div><\/div><\/div><\/div><div class=\"vc_col-sm-3 vc_col-lg-3 vc_col-md-6 vc_col-xs-12 wpb_column vc_column_container\"><div class=\"vc_column-inner\"><div class=\"wpb_wrapper\"><div class=\"wpb_text_column\" ><div class=\"wpb_wrapper\"><p>04<\/p>\n<\/div><\/div><div class=\"wpb_text_column\" ><div class=\"wpb_wrapper\"><h4 class=\"w-iconbox-title\">Web Marketing<\/h4>\n<p>Web-Marketing, Social Media Marketing, Werbekampagnen, Realisierung Newsletter.<\/p>\n<\/div><\/div><\/div><\/div><\/div><\/div><\/div><\/section><section class=\"l-section wpb_row height_large with_overlay\"><div class=\"l-section-overlay\" style=\"background: #0099ac\"><\/div><div class=\"l-section-h i-cf\"><div class=\"g-cols vc_row type_default valign_top\"><div class=\"vc_col-sm-12 wpb_column vc_column_container has_text_color\"><div class=\"vc_column-inner us_custom_6df4bc3a\"><div class=\"wpb_wrapper\"><div class=\"wpb_text_column\" ><div class=\"wpb_wrapper\"><h2>Was hei\u00dft das konkret?<\/h2>\n<\/div><\/div><div class=\"w-separator size_large\"><\/div><div class=\"g-cols wpb_row  type_default valign_top vc_inner\"><div class=\"vc_col-sm-6 wpb_column vc_column_container\"><div class=\"vc_column-inner\"><div class=\"wpb_wrapper\"><div class=\"wpb_text_column\" ><div class=\"wpb_wrapper\"><p>01<\/p>\n<\/div><\/div><div class=\"wpb_text_column\" ><div class=\"wpb_wrapper\"><h4><strong>F\u00fcr Hotel<\/strong><\/h4>\n<p>Wir sind kompetenter Ansprechpartner f\u00fcr alle Fragen rund um die Kommunikation. Wir sorgen f\u00fcr Sichtbarkeit im Internet und sorgen mit ansprechenden Hotel- und Landschaftsfotos f\u00fcr die richtigen Anreize zur Sofort-Buchung.<\/p>\n<\/div><\/div><\/div><\/div><\/div><div class=\"vc_col-sm-6 wpb_column vc_column_container\"><div class=\"vc_column-inner\"><div class=\"wpb_wrapper\"><div class=\"wpb_text_column\" ><div class=\"wpb_wrapper\"><p>02<\/p>\n<\/div><\/div><div class=\"wpb_text_column\" ><div class=\"wpb_wrapper\"><h4><strong>F\u00fcr Unternehmen<\/strong><\/h4>\n<p>Wir setzen Ihre Produkte und Leistungen richtig in Szene. Dazu geh\u00f6ren bei Bedarf auch Fotos und Grafik, mit einem Komplettangebot von der Idee bis zur Umsetzung. Egal ob Folder oder Katalog, Werbeanzeige oder Werbegrafiken f\u00fcr Autos \u2013 Sie haben einen einzigen Ansprechpartner, der sich um alles k\u00fcmmert.<\/p>\n<\/div><\/div><\/div><\/div><\/div><\/div><\/div><\/div><\/div><\/div><\/div><\/section><section class=\"l-section wpb_row height_auto width_full color_footer-bottom\"><div class=\"l-section-h i-cf\"><div class=\"g-cols vc_row type_boxes valign_top\"><div class=\"vc_col-sm-12 wpb_column vc_column_container\"><div class=\"vc_column-inner\"><div class=\"wpb_wrapper\"><div class=\"wpb_text_column\" ><div class=\"wpb_wrapper\"><h2 style=\"text-align: center;\">Verwandte Projekte<\/h2>\n<\/div><\/div><div class=\"w-separator size_medium\"><\/div><div class=\"w-grid type_grid layout_4404 cols_4 with_css_animation no_gap ratio_1x1\" id=\"us_grid_1\" data-filterable=\"true\"><style id=\"us_grid_1_css\">@media (max-width:1199px){#us_grid_1 .w-grid-item{width:50.0000%}#us_grid_1 .w-grid-item.size_2x1,#us_grid_1 .w-grid-item.size_2x2{width:100.0000%}}@media (max-width:899px){#us_grid_1 .w-grid-item{width:50.0000%}#us_grid_1 .w-grid-item.size_2x1,#us_grid_1 .w-grid-item.size_2x2{width:100.0000%}}@media (max-width:599px){#us_grid_1 .w-grid-item{width:100.0000%}}<\/style><style>.layout_4404 .w-grid-item-h:before{padding-bottom:100.0000%}@media (min-width:600px){.layout_4404 .w-grid-item.size_1x2 .w-grid-item-h:before{padding-bottom:calc(200.0000% + 0px + 0px)}.layout_4404 .w-grid-item.size_2x1 .w-grid-item-h:before{padding-bottom:calc(50.0000% - 0px * 1.0000)}.layout_4404 .w-grid-item.size_2x2 .w-grid-item-h:before{padding-bottom:calc(100.0000% - 0px * 0)}}.layout_4404 .w-grid-item-h{background:#646cfd;color:#ffffff}.layout_4404 .usg_post_image_1{transition-duration:0.5s;transform-origin:100% 100%;transform:scale(1) translate(0%,0%)}.layout_4404 .w-grid-item-h:hover .usg_post_image_1{transform:scale(1.20) translate(0%,0%);opacity:0.1}.layout_4404 .usg_post_title_1{transition-duration:0.35s;transform-origin:50% 50%;transform:scale(1) translate(0%,0%)}.layout_4404 .w-grid-item-h:hover .usg_post_title_1{transform:scale(1) translate(0%,0%);opacity:1;color:#ffffff!important}.layout_4404 .usg_post_taxonomy_1{transition-duration:0.3s;transform-origin:50% 50%;transform:scale(1) translate(0%,-40px);opacity:0}.layout_4404 .w-grid-item-h:hover .usg_post_taxonomy_1{transform:scale(1) translate(0%,0%);opacity:1}.layout_4404 .usg_post_content_1{transition-duration:0.5s;transform-origin:50% 50%;transform:scale(1) translate(0%,-3rem);opacity:0}.layout_4404 .w-grid-item-h:hover .usg_post_content_1{transform:scale(1) translate(0%,0%);opacity:1}@media(max-width:1399px){.layout_4404 .usg_post_content_1{display:none!important}}.layout_4404 .usg_post_image_1{position:absolute!important;left:0!important;top:0!important;bottom:0!important;right:0!important}.layout_4404 .usg_vwrapper_1{padding-left:10%!important;padding-top:10%!important;padding-right:10%!important;position:absolute!important;left:0!important;top:0!important;bottom:0!important;right:0!important}.layout_4404 .usg_post_title_1{color:inherit!important;font-size:calc(12px + 1vw)!important}.layout_4404 .usg_post_taxonomy_1{color:#ffffff!important;font-family:'Poppins',sans-serif!important;font-size:0.9rem!important;line-height:1!important;margin-bottom:3rem!important}.layout_4404 .usg_post_content_1{color:#ffffff!important;font-size:0.9rem!important;line-height:1.5!important}<\/style><div class=\"w-grid-list\" >\t<article class=\"w-grid-item animate_wfc size_1x1 post-5391 us_portfolio type-us_portfolio status-publish has-post-thumbnail hentry us_portfolio_category-web-design-de\" data-id=\"5391\" style=\"animation-delay:0s\">\r\n\t\t<div class=\"w-grid-item-h\" style=\"color:#ffc9d5;\">\r\n\t\t\t\t\t\t\t<a class=\"w-grid-item-anchor\" href=\"https:\/\/caserwebagency.it\/de\/leistungen\/responsive-collection\/\" rel=\"bookmark\" aria-label=\"Responsive Collection\"><\/a>\r\n\t\t\t\t\t\t<div class=\"w-post-elm post_image usg_post_image_1 stretched\"><img loading=\"lazy\" decoding=\"async\" width=\"1024\" height=\"868\" src=\"https:\/\/caserwebagency.it\/wp-content\/uploads\/2019\/10\/responsive-design-1-1024x868.jpg\" class=\"attachment-large size-large wp-post-image\" alt=\"\" srcset=\"https:\/\/caserwebagency.it\/wp-content\/uploads\/2019\/10\/responsive-design-1-1024x868.jpg 1024w, https:\/\/caserwebagency.it\/wp-content\/uploads\/2019\/10\/responsive-design-1-300x254.jpg 300w, https:\/\/caserwebagency.it\/wp-content\/uploads\/2019\/10\/responsive-design-1.jpg 1040w\" sizes=\"(max-width: 1024px) 100vw, 1024px\" \/><\/div><div class=\"w-vwrapper usg_vwrapper_1 align_left valign_top\"><h2 class=\"w-post-elm post_title usg_post_title_1 entry-title color_link_inherit has_text_color\">Responsive Collection<\/h2><div class=\"w-post-elm post_taxonomy usg_post_taxonomy_1 style_simple color_link_inherit has_text_color\"><span >Web Design<\/span><\/div><div class=\"w-post-elm post_content usg_post_content_1\">Sie ist eine Webseite, welche durch eine neue Technik des Webdesign dazu f\u00fchrt, dass sich&hellip;<\/div><\/div>\t\t<\/div>\r\n\t<\/article>\r\n\t<article class=\"w-grid-item animate_wfc size_1x1 post-5397 us_portfolio type-us_portfolio status-publish has-post-thumbnail hentry us_portfolio_category-web-design-de\" data-id=\"5397\" style=\"animation-delay:0.1s\">\r\n\t\t<div class=\"w-grid-item-h\" style=\"color:#222222;\">\r\n\t\t\t\t\t\t\t<a class=\"w-grid-item-anchor\" href=\"https:\/\/caserwebagency.it\/de\/leistungen\/web-collection\/\" rel=\"bookmark\" aria-label=\"Web Collection\"><\/a>\r\n\t\t\t\t\t\t<div class=\"w-post-elm post_image usg_post_image_1 stretched\"><img loading=\"lazy\" decoding=\"async\" width=\"989\" height=\"1024\" src=\"https:\/\/caserwebagency.it\/wp-content\/uploads\/2019\/10\/website-templates-989x1024.jpg\" class=\"attachment-large size-large wp-post-image\" alt=\"\" srcset=\"https:\/\/caserwebagency.it\/wp-content\/uploads\/2019\/10\/website-templates-989x1024.jpg 989w, https:\/\/caserwebagency.it\/wp-content\/uploads\/2019\/10\/website-templates-290x300.jpg 290w, https:\/\/caserwebagency.it\/wp-content\/uploads\/2019\/10\/website-templates.jpg 1116w\" sizes=\"(max-width: 989px) 100vw, 989px\" \/><\/div><div class=\"w-vwrapper usg_vwrapper_1 align_left valign_top\"><h2 class=\"w-post-elm post_title usg_post_title_1 entry-title color_link_inherit has_text_color\">Web Collection<\/h2><div class=\"w-post-elm post_taxonomy usg_post_taxonomy_1 style_simple color_link_inherit has_text_color\"><span >Web Design<\/span><\/div><div class=\"w-post-elm post_content usg_post_content_1\">Die Designkollektion ist aus der Idee entstanden, jedem Unternehmen die M\u00f6glichkeit zu einer eigenen<\/div><\/div>\t\t<\/div>\r\n\t<\/article>\r\n\t<article class=\"w-grid-item animate_wfc size_1x1 post-5404 us_portfolio type-us_portfolio status-publish has-post-thumbnail hentry us_portfolio_category-web-design-de\" data-id=\"5404\" style=\"animation-delay:0.2s\">\r\n\t\t<div class=\"w-grid-item-h\" style=\"color:#1f6100;\">\r\n\t\t\t\t\t\t\t<a class=\"w-grid-item-anchor\" href=\"https:\/\/caserwebagency.it\/de\/leistungen\/caser-uternehmen-cms\/\" rel=\"bookmark\" aria-label=\"BZ Unternehmen CMS\"><\/a>\r\n\t\t\t\t\t\t<div class=\"w-post-elm post_image usg_post_image_1 stretched\"><img loading=\"lazy\" decoding=\"async\" width=\"1024\" height=\"948\" src=\"https:\/\/caserwebagency.it\/wp-content\/uploads\/2018\/11\/aziende-cms-02-1-1024x948.jpg\" class=\"attachment-large size-large wp-post-image\" alt=\"\" srcset=\"https:\/\/caserwebagency.it\/wp-content\/uploads\/2018\/11\/aziende-cms-02-1-1024x948.jpg 1024w, https:\/\/caserwebagency.it\/wp-content\/uploads\/2018\/11\/aziende-cms-02-1-300x278.jpg 300w, https:\/\/caserwebagency.it\/wp-content\/uploads\/2018\/11\/aziende-cms-02-1.jpg 1080w\" sizes=\"(max-width: 1024px) 100vw, 1024px\" \/><\/div><div class=\"w-vwrapper usg_vwrapper_1 align_left valign_top\"><h2 class=\"w-post-elm post_title usg_post_title_1 entry-title color_link_inherit has_text_color\">BZ Unternehmen CMS<\/h2><div class=\"w-post-elm post_taxonomy usg_post_taxonomy_1 style_simple color_link_inherit has_text_color\"><span >Web Design<\/span><\/div><div class=\"w-post-elm post_content usg_post_content_1\">BZ CMS ist von unserem Team entwickelt worden, das auf eine reiche Erfahrung in diesem&hellip;<\/div><\/div>\t\t<\/div>\r\n\t<\/article>\r\n\t<article class=\"w-grid-item animate_wfc size_1x1 post-5424 us_portfolio type-us_portfolio status-publish has-post-thumbnail hentry us_portfolio_category-web-design-de\" data-id=\"5424\" style=\"animation-delay:0.3s\">\r\n\t\t<div class=\"w-grid-item-h\" style=\"color:#ffffff;\">\r\n\t\t\t\t\t\t\t<a class=\"w-grid-item-anchor\" href=\"https:\/\/caserwebagency.it\/de\/leistungen\/web-marketing\/\" rel=\"bookmark\" aria-label=\"Web-Marketing\"><\/a>\r\n\t\t\t\t\t\t<div class=\"w-post-elm post_image usg_post_image_1 stretched\"><img loading=\"lazy\" decoding=\"async\" width=\"1024\" height=\"966\" src=\"https:\/\/caserwebagency.it\/wp-content\/uploads\/2018\/05\/web-marketing-1-1024x966.jpg\" class=\"attachment-large size-large wp-post-image\" alt=\"\" srcset=\"https:\/\/caserwebagency.it\/wp-content\/uploads\/2018\/05\/web-marketing-1-1024x966.jpg 1024w, https:\/\/caserwebagency.it\/wp-content\/uploads\/2018\/05\/web-marketing-1-300x283.jpg 300w, https:\/\/caserwebagency.it\/wp-content\/uploads\/2018\/05\/web-marketing-1.jpg 1060w\" sizes=\"(max-width: 1024px) 100vw, 1024px\" \/><\/div><div class=\"w-vwrapper usg_vwrapper_1 align_left valign_top\"><h2 class=\"w-post-elm post_title usg_post_title_1 entry-title color_link_inherit has_text_color\">Web-Marketing<\/h2><div class=\"w-post-elm post_taxonomy usg_post_taxonomy_1 style_simple color_link_inherit has_text_color\"><span >Web Design<\/span><\/div><div class=\"w-post-elm post_content usg_post_content_1\">Haben Sie sich schon mal gefragt, welche Rolle eine gute MARKETINGSTRATEGIE f\u00fcr ein Unternehmen spielt,&hellip;<\/div><\/div>\t\t<\/div>\r\n\t<\/article>\r\n<\/div><div class=\"w-grid-preloader\"><div class=\"g-preloader type_1\">\r\n\t<div><\/div>\r\n<\/div>\r\n<\/div>\t<div class=\"w-grid-json hidden\" onclick='return {&quot;action&quot;:&quot;us_ajax_grid&quot;,&quot;ajax_url&quot;:&quot;https:\\\/\\\/caserwebagency.it\\\/wp-admin\\\/admin-ajax.php&quot;,&quot;infinite_scroll&quot;:0,&quot;max_num_pages&quot;:3,&quot;pagination&quot;:&quot;none&quot;,&quot;permalink_url&quot;:&quot;https:\\\/\\\/caserwebagency.it\\\/de\\\/wp-json\\\/wp\\\/v2\\\/pages\\\/5354\\\/&quot;,&quot;template_vars&quot;:{&quot;columns&quot;:&quot;4&quot;,&quot;exclude_items&quot;:&quot;none&quot;,&quot;img_size&quot;:&quot;default&quot;,&quot;ignore_items_size&quot;:false,&quot;items_layout&quot;:&quot;4404&quot;,&quot;items_offset&quot;:&quot;1&quot;,&quot;load_animation&quot;:&quot;wfc&quot;,&quot;overriding_link&quot;:&quot;post&quot;,&quot;post_id&quot;:5354,&quot;query_args&quot;:{&quot;post_type&quot;:[&quot;us_portfolio&quot;],&quot;tax_query&quot;:[{&quot;taxonomy&quot;:&quot;us_portfolio_category&quot;,&quot;field&quot;:&quot;slug&quot;,&quot;terms&quot;:[&quot;web-design&quot;,&quot;social-media&quot;]}],&quot;post_status&quot;:[&quot;publish&quot;],&quot;posts_per_page&quot;:&quot;4&quot;},&quot;orderby_query_args&quot;:{&quot;orderby&quot;:&quot;RAND(1422081508)&quot;},&quot;type&quot;:&quot;grid&quot;,&quot;us_grid_ajax_index&quot;:1,&quot;us_grid_filter_params&quot;:null,&quot;us_grid_index&quot;:1,&quot;_us_grid_post_type&quot;:&quot;us_portfolio&quot;,&quot;lang&quot;:&quot;de&quot;}}'><\/div>\r\n\t<\/div><\/div><\/div><\/div><\/div><\/div><\/section>\n","protected":false},"excerpt":{"rendered":"Web Marketing \u2013 Beratung f\u00fcr Hotels Haben Sie sich schon mal gefragt, welche Rolle eine gute MARKETINGSTRATEGIE f\u00fcr ein Unternehmen spielt, und welche Vorteile sich daraus ergeben? Eine gute Marketingstrategie kann heute ausschlaggebend f\u00fcr eine bessere Rentabilit\u00e4t des Unternehmens sein und in Zukunft wird diese strategische Rolle noch weiter wachsen! Die Suche nach einem qualifizierten...","protected":false},"author":1,"featured_media":0,"parent":0,"menu_order":0,"comment_status":"closed","ping_status":"closed","template":"","meta":{"footnotes":""},"class_list":["post-5354","page","type-page","status-publish","hentry"],"yoast_head":"<!-- This site is optimized with the Yoast SEO plugin v18.4.1 - https:\/\/yoast.com\/wordpress\/plugins\/seo\/ -->\n<title>Unternehmen - Caser Web Agency | Studio Grafico e Web Design | Bolzano<\/title>\n<meta name=\"robots\" content=\"index, follow, max-snippet:-1, max-image-preview:large, max-video-preview:-1\" \/>\n<link rel=\"canonical\" href=\"https:\/\/caserwebagency.it\/de\/about\/\" \/>\n<meta property=\"og:locale\" content=\"de_DE\" \/>\n<meta property=\"og:type\" content=\"article\" \/>\n<meta property=\"og:title\" content=\"Unternehmen - Caser Web Agency | Studio Grafico e Web Design | Bolzano\" \/>\n<meta property=\"og:url\" content=\"https:\/\/caserwebagency.it\/de\/about\/\" \/>\n<meta property=\"og:site_name\" content=\"Caser Web Agency | Studio Grafico e Web Design | Bolzano\" \/>\n<meta property=\"article:publisher\" content=\"https:\/\/www.facebook.com\/caserwebagency\" \/>\n<meta property=\"article:modified_time\" content=\"2022-04-14T11:15:32+00:00\" \/>\n<meta name=\"twitter:card\" content=\"summary_large_image\" \/>\n<meta name=\"twitter:site\" content=\"@caserwebagency\" \/>\n<meta name=\"twitter:label1\" content=\"Gesch\u00e4tzte Lesezeit\" \/>\n\t<meta name=\"twitter:data1\" content=\"2\u00a0Minuten\" \/>\n<script type=\"application\/ld+json\" class=\"yoast-schema-graph\">{\"@context\":\"https:\/\/schema.org\",\"@graph\":[{\"@type\":\"Organization\",\"@id\":\"https:\/\/caserwebagency.it\/#organization\",\"name\":\"Caser Web Agency\",\"url\":\"https:\/\/caserwebagency.it\/\",\"sameAs\":[\"https:\/\/www.facebook.com\/caserwebagency\",\"https:\/\/www.instagram.com\/caserwebagency\/\",\"https:\/\/www.youtube.com\/user\/BizetaWeb\",\"https:\/\/twitter.com\/caserwebagency\"],\"logo\":{\"@type\":\"ImageObject\",\"@id\":\"https:\/\/caserwebagency.it\/#logo\",\"inLanguage\":\"de\",\"url\":\"https:\/\/caserwebagency.it\/wp-content\/uploads\/2022\/03\/logo-01.png\",\"contentUrl\":\"https:\/\/caserwebagency.it\/wp-content\/uploads\/2022\/03\/logo-01.png\",\"width\":900,\"height\":250,\"caption\":\"Caser Web Agency\"},\"image\":{\"@id\":\"https:\/\/caserwebagency.it\/#logo\"}},{\"@type\":\"WebSite\",\"@id\":\"https:\/\/caserwebagency.it\/#website\",\"url\":\"https:\/\/caserwebagency.it\/\",\"name\":\"Caser Web Agency | Studio Grafico e Web Design | Bolzano\",\"description\":\"Siamo esperti in web design e realizzazione di siti web\",\"publisher\":{\"@id\":\"https:\/\/caserwebagency.it\/#organization\"},\"potentialAction\":[{\"@type\":\"SearchAction\",\"target\":{\"@type\":\"EntryPoint\",\"urlTemplate\":\"https:\/\/caserwebagency.it\/?s={search_term_string}\"},\"query-input\":\"required name=search_term_string\"}],\"inLanguage\":\"de\"},{\"@type\":\"WebPage\",\"@id\":\"https:\/\/caserwebagency.it\/de\/about\/#webpage\",\"url\":\"https:\/\/caserwebagency.it\/de\/about\/\",\"name\":\"Unternehmen - Caser Web Agency | Studio Grafico e Web Design | Bolzano\",\"isPartOf\":{\"@id\":\"https:\/\/caserwebagency.it\/#website\"},\"datePublished\":\"2019-10-31T16:30:23+00:00\",\"dateModified\":\"2022-04-14T11:15:32+00:00\",\"breadcrumb\":{\"@id\":\"https:\/\/caserwebagency.it\/de\/about\/#breadcrumb\"},\"inLanguage\":\"de\",\"potentialAction\":[{\"@type\":\"ReadAction\",\"target\":[\"https:\/\/caserwebagency.it\/de\/about\/\"]}]},{\"@type\":\"BreadcrumbList\",\"@id\":\"https:\/\/caserwebagency.it\/de\/about\/#breadcrumb\",\"itemListElement\":[{\"@type\":\"ListItem\",\"position\":1,\"name\":\"Home\",\"item\":\"https:\/\/caserwebagency.it\/de\/\"},{\"@type\":\"ListItem\",\"position\":2,\"name\":\"Unternehmen\"}]}]}<\/script>\n<!-- \/ Yoast SEO plugin. -->","yoast_head_json":{"title":"Unternehmen - Caser Web Agency | Studio Grafico e Web Design | Bolzano","robots":{"index":"index","follow":"follow","max-snippet":"max-snippet:-1","max-image-preview":"max-image-preview:large","max-video-preview":"max-video-preview:-1"},"canonical":"https:\/\/caserwebagency.it\/de\/about\/","og_locale":"de_DE","og_type":"article","og_title":"Unternehmen - Caser Web Agency | Studio Grafico e Web Design | Bolzano","og_url":"https:\/\/caserwebagency.it\/de\/about\/","og_site_name":"Caser Web Agency | Studio Grafico e Web Design | Bolzano","article_publisher":"https:\/\/www.facebook.com\/caserwebagency","article_modified_time":"2022-04-14T11:15:32+00:00","twitter_card":"summary_large_image","twitter_site":"@caserwebagency","twitter_misc":{"Gesch\u00e4tzte Lesezeit":"2\u00a0Minuten"},"schema":{"@context":"https:\/\/schema.org","@graph":[{"@type":"Organization","@id":"https:\/\/caserwebagency.it\/#organization","name":"Caser Web Agency","url":"https:\/\/caserwebagency.it\/","sameAs":["https:\/\/www.facebook.com\/caserwebagency","https:\/\/www.instagram.com\/caserwebagency\/","https:\/\/www.youtube.com\/user\/BizetaWeb","https:\/\/twitter.com\/caserwebagency"],"logo":{"@type":"ImageObject","@id":"https:\/\/caserwebagency.it\/#logo","inLanguage":"de","url":"https:\/\/caserwebagency.it\/wp-content\/uploads\/2022\/03\/logo-01.png","contentUrl":"https:\/\/caserwebagency.it\/wp-content\/uploads\/2022\/03\/logo-01.png","width":900,"height":250,"caption":"Caser Web Agency"},"image":{"@id":"https:\/\/caserwebagency.it\/#logo"}},{"@type":"WebSite","@id":"https:\/\/caserwebagency.it\/#website","url":"https:\/\/caserwebagency.it\/","name":"Caser Web Agency | Studio Grafico e Web Design | Bolzano","description":"Siamo esperti in web design e realizzazione di siti web","publisher":{"@id":"https:\/\/caserwebagency.it\/#organization"},"potentialAction":[{"@type":"SearchAction","target":{"@type":"EntryPoint","urlTemplate":"https:\/\/caserwebagency.it\/?s={search_term_string}"},"query-input":"required name=search_term_string"}],"inLanguage":"de"},{"@type":"WebPage","@id":"https:\/\/caserwebagency.it\/de\/about\/#webpage","url":"https:\/\/caserwebagency.it\/de\/about\/","name":"Unternehmen - Caser Web Agency | Studio Grafico e Web Design | Bolzano","isPartOf":{"@id":"https:\/\/caserwebagency.it\/#website"},"datePublished":"2019-10-31T16:30:23+00:00","dateModified":"2022-04-14T11:15:32+00:00","breadcrumb":{"@id":"https:\/\/caserwebagency.it\/de\/about\/#breadcrumb"},"inLanguage":"de","potentialAction":[{"@type":"ReadAction","target":["https:\/\/caserwebagency.it\/de\/about\/"]}]},{"@type":"BreadcrumbList","@id":"https:\/\/caserwebagency.it\/de\/about\/#breadcrumb","itemListElement":[{"@type":"ListItem","position":1,"name":"Home","item":"https:\/\/caserwebagency.it\/de\/"},{"@type":"ListItem","position":2,"name":"Unternehmen"}]}]}},"_links":{"self":[{"href":"https:\/\/caserwebagency.it\/de\/wp-json\/wp\/v2\/pages\/5354"}],"collection":[{"href":"https:\/\/caserwebagency.it\/de\/wp-json\/wp\/v2\/pages"}],"about":[{"href":"https:\/\/caserwebagency.it\/de\/wp-json\/wp\/v2\/types\/page"}],"author":[{"embeddable":true,"href":"https:\/\/caserwebagency.it\/de\/wp-json\/wp\/v2\/users\/1"}],"replies":[{"embeddable":true,"href":"https:\/\/caserwebagency.it\/de\/wp-json\/wp\/v2\/comments?post=5354"}],"version-history":[{"count":13,"href":"https:\/\/caserwebagency.it\/de\/wp-json\/wp\/v2\/pages\/5354\/revisions"}],"predecessor-version":[{"id":5356,"href":"https:\/\/caserwebagency.it\/de\/wp-json\/wp\/v2\/pages\/5354\/revisions\/5356"}],"wp:attachment":[{"href":"https:\/\/caserwebagency.it\/de\/wp-json\/wp\/v2\/media?parent=5354"}],"curies":[{"name":"wp","href":"https:\/\/api.w.org\/{rel}","templated":true}]}}