{"id":5365,"date":"2019-10-31T17:42:10","date_gmt":"2019-10-31T17:42:10","guid":{"rendered":"https:\/\/caserwebagency.it\/services\/"},"modified":"2022-04-01T20:27:09","modified_gmt":"2022-04-01T18:27:09","slug":"leistungen","status":"publish","type":"page","link":"https:\/\/caserwebagency.it\/de\/leistungen\/","title":{"rendered":"Leistungen"},"content":{"rendered":"<section class=\"l-section wpb_row height_large with_img with_overlay\"><div class=\"l-section-img\" style=\"background-image: url(https:\/\/caserwebagency.it\/wp-content\/uploads\/2022\/03\/headings.jpg);\" data-img-width=\"1800\" data-img-height=\"1200\"><\/div><div class=\"l-section-overlay\" style=\"background: rgba(26,26,26,0.70)\"><\/div><div class=\"l-section-h i-cf\"><div class=\"g-cols vc_row type_default valign_top\"><div class=\"vc_col-sm-12 wpb_column vc_column_container has_text_color\"><div class=\"vc_column-inner us_custom_6df4bc3a\"><div class=\"wpb_wrapper\"><div class=\"wpb_text_column\" ><div class=\"wpb_wrapper\"><h2 style=\"text-align: center;\">Dienstleistungen<\/h2>\n<\/div><\/div><\/div><\/div><\/div><\/div><\/div><\/section><section class=\"l-section wpb_row height_medium\"><div class=\"l-section-h i-cf\"><div class=\"g-cols vc_row type_default valign_top\"><div class=\"vc_col-sm-12 wpb_column vc_column_container\"><div class=\"vc_column-inner\"><div class=\"wpb_wrapper\"><div class=\"wpb_text_column\" ><div class=\"wpb_wrapper\"><h1>Dienstleistungen<\/h1>\n<h3>die wirklich gebraucht werden<\/h3>\n<\/div><\/div><div class=\"ult-spacer spacer-69e8b5cf624c0\" data-id=\"69e8b5cf624c0\" data-height=\"30\" data-height-mobile=\"30\" data-height-tab=\"30\" data-height-tab-portrait=\"\" data-height-mobile-landscape=\"\" style=\"clear:both;display:block;\"><\/div><div class=\"wpb_text_column\" ><div class=\"wpb_wrapper\"><p>Sie k\u00f6nnen sich f\u00fcr eine Werbeagentur mit seitenlangem Leistungsangebot entscheiden.<\/p>\n<p>Oder Sie k\u00f6nnen sich f\u00fcr die Dienstleistungen eines Anbieters entscheiden, die wirklich ihren Zweck erf\u00fcllen, die speziell f\u00fcr Sie geplant und entwickelt werden und die Sie auch wirklich ben\u00f6tigen.<\/p>\n<\/div><\/div><div class=\"w-separator size_medium\"><\/div><div class=\"wpb_text_column\" ><div class=\"wpb_wrapper\"><h4><strong>Hier sind sie:<\/strong><\/h4>\n<\/div><\/div><div class=\"wpb_text_column\" ><div class=\"wpb_wrapper\"><p>Es beginnt mit der Webseitenentwicklung, gefolgt vom Web Design, von der Texterstellung, den \u00dcbersetzungen.<br \/>\nBeratung ist wichtig und wir setzen sie ein, um Newsletter\u2013 und Webmarketing-Initiativen so in Szene zu setzen,dass Ihre Webseite immer im Zentrum der Aufmerksamkeit steht.<br \/>\nCaser Hotel CMS ist die Dienstleistung f\u00fcr Hotels, welche ihre Webseite selbst verwalten wollen, um Inhalte zu aktualisieren, Preislisten und Men\u00fcs zu \u00e4ndern, neue Fotos in die Bildergalerie zu laden, neue Angebote und Pakete hinzuzuf\u00fcgen \u2013 und viele andere wichtige Funktionen auszuf\u00fchren, die f\u00fcr eine m\u00fchelos, ver\u00e4nderbare Webseite notwendig sind.<\/p>\n<p>Wir machen alles, was gebraucht wird. Und genau so, wie es ben\u00f6tigt wird.<\/p>\n<\/div><\/div><\/div><\/div><\/div><\/div><\/div><\/section><section class=\"l-section wpb_row height_auto width_full color_footer-bottom\"><div class=\"l-section-h i-cf\"><div class=\"g-cols vc_row type_boxes valign_top\"><div class=\"vc_col-sm-12 wpb_column vc_column_container\"><div class=\"vc_column-inner\"><div class=\"wpb_wrapper\"><div class=\"wpb_text_column\" ><div class=\"wpb_wrapper\"><h2 style=\"text-align: center;\">Verwandte Projekte<\/h2>\n<\/div><\/div><div class=\"w-separator size_medium\"><\/div><div class=\"w-grid type_grid layout_4404 cols_4 with_css_animation no_gap ratio_1x1\" id=\"us_grid_1\" data-filterable=\"true\"><style id=\"us_grid_1_css\">@media (max-width:1199px){#us_grid_1 .w-grid-item{width:50.0000%}#us_grid_1 .w-grid-item.size_2x1,#us_grid_1 .w-grid-item.size_2x2{width:100.0000%}}@media (max-width:899px){#us_grid_1 .w-grid-item{width:50.0000%}#us_grid_1 .w-grid-item.size_2x1,#us_grid_1 .w-grid-item.size_2x2{width:100.0000%}}@media (max-width:599px){#us_grid_1 .w-grid-item{width:100.0000%}}<\/style><style>.layout_4404 .w-grid-item-h:before{padding-bottom:100.0000%}@media (min-width:600px){.layout_4404 .w-grid-item.size_1x2 .w-grid-item-h:before{padding-bottom:calc(200.0000% + 0px + 0px)}.layout_4404 .w-grid-item.size_2x1 .w-grid-item-h:before{padding-bottom:calc(50.0000% - 0px * 1.0000)}.layout_4404 .w-grid-item.size_2x2 .w-grid-item-h:before{padding-bottom:calc(100.0000% - 0px * 0)}}.layout_4404 .w-grid-item-h{background:#646cfd;color:#ffffff}.layout_4404 .usg_post_image_1{transition-duration:0.5s;transform-origin:100% 100%;transform:scale(1) translate(0%,0%)}.layout_4404 .w-grid-item-h:hover .usg_post_image_1{transform:scale(1.20) translate(0%,0%);opacity:0.1}.layout_4404 .usg_post_title_1{transition-duration:0.35s;transform-origin:50% 50%;transform:scale(1) translate(0%,0%)}.layout_4404 .w-grid-item-h:hover .usg_post_title_1{transform:scale(1) translate(0%,0%);opacity:1;color:#ffffff!important}.layout_4404 .usg_post_taxonomy_1{transition-duration:0.3s;transform-origin:50% 50%;transform:scale(1) translate(0%,-40px);opacity:0}.layout_4404 .w-grid-item-h:hover .usg_post_taxonomy_1{transform:scale(1) translate(0%,0%);opacity:1}.layout_4404 .usg_post_content_1{transition-duration:0.5s;transform-origin:50% 50%;transform:scale(1) translate(0%,-3rem);opacity:0}.layout_4404 .w-grid-item-h:hover .usg_post_content_1{transform:scale(1) translate(0%,0%);opacity:1}@media(max-width:1399px){.layout_4404 .usg_post_content_1{display:none!important}}.layout_4404 .usg_post_image_1{position:absolute!important;left:0!important;top:0!important;bottom:0!important;right:0!important}.layout_4404 .usg_vwrapper_1{padding-left:10%!important;padding-top:10%!important;padding-right:10%!important;position:absolute!important;left:0!important;top:0!important;bottom:0!important;right:0!important}.layout_4404 .usg_post_title_1{color:inherit!important;font-size:calc(12px + 1vw)!important}.layout_4404 .usg_post_taxonomy_1{color:#ffffff!important;font-family:'Poppins',sans-serif!important;font-size:0.9rem!important;line-height:1!important;margin-bottom:3rem!important}.layout_4404 .usg_post_content_1{color:#ffffff!important;font-size:0.9rem!important;line-height:1.5!important}<\/style><div class=\"w-grid-list\" >\t<article class=\"w-grid-item animate_wfc size_1x1 post-5424 us_portfolio type-us_portfolio status-publish has-post-thumbnail hentry us_portfolio_category-web-design-de\" data-id=\"5424\" style=\"animation-delay:0s\">\r\n\t\t<div class=\"w-grid-item-h\" style=\"color:#ffffff;\">\r\n\t\t\t\t\t\t\t<a class=\"w-grid-item-anchor\" href=\"https:\/\/caserwebagency.it\/de\/leistungen\/web-marketing\/\" rel=\"bookmark\" aria-label=\"Web-Marketing\"><\/a>\r\n\t\t\t\t\t\t<div class=\"w-post-elm post_image usg_post_image_1 stretched\"><img loading=\"lazy\" decoding=\"async\" width=\"1024\" height=\"966\" src=\"https:\/\/caserwebagency.it\/wp-content\/uploads\/2018\/05\/web-marketing-1-1024x966.jpg\" class=\"attachment-large size-large wp-post-image\" alt=\"\" srcset=\"https:\/\/caserwebagency.it\/wp-content\/uploads\/2018\/05\/web-marketing-1-1024x966.jpg 1024w, https:\/\/caserwebagency.it\/wp-content\/uploads\/2018\/05\/web-marketing-1-300x283.jpg 300w, https:\/\/caserwebagency.it\/wp-content\/uploads\/2018\/05\/web-marketing-1.jpg 1060w\" sizes=\"(max-width: 1024px) 100vw, 1024px\" \/><\/div><div class=\"w-vwrapper usg_vwrapper_1 align_left valign_top\"><h2 class=\"w-post-elm post_title usg_post_title_1 entry-title color_link_inherit has_text_color\">Web-Marketing<\/h2><div class=\"w-post-elm post_taxonomy usg_post_taxonomy_1 style_simple color_link_inherit has_text_color\"><span >Web Design<\/span><\/div><div class=\"w-post-elm post_content usg_post_content_1\">Haben Sie sich schon mal gefragt, welche Rolle eine gute MARKETINGSTRATEGIE f\u00fcr ein Unternehmen spielt,&hellip;<\/div><\/div>\t\t<\/div>\r\n\t<\/article>\r\n\t<article class=\"w-grid-item animate_wfc size_1x1 post-5397 us_portfolio type-us_portfolio status-publish has-post-thumbnail hentry us_portfolio_category-web-design-de\" data-id=\"5397\" style=\"animation-delay:0.1s\">\r\n\t\t<div class=\"w-grid-item-h\" style=\"color:#222222;\">\r\n\t\t\t\t\t\t\t<a class=\"w-grid-item-anchor\" href=\"https:\/\/caserwebagency.it\/de\/leistungen\/web-collection\/\" rel=\"bookmark\" aria-label=\"Web Collection\"><\/a>\r\n\t\t\t\t\t\t<div class=\"w-post-elm post_image usg_post_image_1 stretched\"><img loading=\"lazy\" decoding=\"async\" width=\"989\" height=\"1024\" src=\"https:\/\/caserwebagency.it\/wp-content\/uploads\/2019\/10\/website-templates-989x1024.jpg\" class=\"attachment-large size-large wp-post-image\" alt=\"\" srcset=\"https:\/\/caserwebagency.it\/wp-content\/uploads\/2019\/10\/website-templates-989x1024.jpg 989w, https:\/\/caserwebagency.it\/wp-content\/uploads\/2019\/10\/website-templates-290x300.jpg 290w, https:\/\/caserwebagency.it\/wp-content\/uploads\/2019\/10\/website-templates.jpg 1116w\" sizes=\"(max-width: 989px) 100vw, 989px\" \/><\/div><div class=\"w-vwrapper usg_vwrapper_1 align_left valign_top\"><h2 class=\"w-post-elm post_title usg_post_title_1 entry-title color_link_inherit has_text_color\">Web Collection<\/h2><div class=\"w-post-elm post_taxonomy usg_post_taxonomy_1 style_simple color_link_inherit has_text_color\"><span >Web Design<\/span><\/div><div class=\"w-post-elm post_content usg_post_content_1\">Die Designkollektion ist aus der Idee entstanden, jedem Unternehmen die M\u00f6glichkeit zu einer eigenen<\/div><\/div>\t\t<\/div>\r\n\t<\/article>\r\n\t<article class=\"w-grid-item animate_wfc size_1x1 post-5432 us_portfolio type-us_portfolio status-publish has-post-thumbnail hentry us_portfolio_category-web-design-de\" data-id=\"5432\" style=\"animation-delay:0.2s\">\r\n\t\t<div class=\"w-grid-item-h\" style=\"color:#111111;\">\r\n\t\t\t\t\t\t\t<a class=\"w-grid-item-anchor\" href=\"https:\/\/caserwebagency.it\/de\/leistungen\/service-senden-newsletter\/\" rel=\"bookmark\" aria-label=\"Newsletter-Versand-Service\"><\/a>\r\n\t\t\t\t\t\t<div class=\"w-post-elm post_image usg_post_image_1 stretched\"><img loading=\"lazy\" decoding=\"async\" width=\"1024\" height=\"1024\" src=\"https:\/\/caserwebagency.it\/wp-content\/uploads\/2016\/06\/newsletter-1-1024x1024.jpg\" class=\"attachment-large size-large wp-post-image\" alt=\"\" srcset=\"https:\/\/caserwebagency.it\/wp-content\/uploads\/2016\/06\/newsletter-1-1024x1024.jpg 1024w, https:\/\/caserwebagency.it\/wp-content\/uploads\/2016\/06\/newsletter-1-300x300.jpg 300w, https:\/\/caserwebagency.it\/wp-content\/uploads\/2016\/06\/newsletter-1-150x150.jpg 150w, https:\/\/caserwebagency.it\/wp-content\/uploads\/2016\/06\/newsletter-1-600x600.jpg 600w, https:\/\/caserwebagency.it\/wp-content\/uploads\/2016\/06\/newsletter-1.jpg 1500w\" sizes=\"(max-width: 1024px) 100vw, 1024px\" \/><\/div><div class=\"w-vwrapper usg_vwrapper_1 align_left valign_top\"><h2 class=\"w-post-elm post_title usg_post_title_1 entry-title color_link_inherit has_text_color\">Newsletter-Versand-Service<\/h2><div class=\"w-post-elm post_taxonomy usg_post_taxonomy_1 style_simple color_link_inherit has_text_color\"><span >Web Design<\/span><\/div><div class=\"w-post-elm post_content usg_post_content_1\">Damit l\u00e4sst sich der Kundenkreis erweitern, und eine simple E-Mail-Adresse wird zum Mittel f\u00fcr die&hellip;<\/div><\/div>\t\t<\/div>\r\n\t<\/article>\r\n\t<article class=\"w-grid-item animate_wfc size_1x1 post-5391 us_portfolio type-us_portfolio status-publish has-post-thumbnail hentry us_portfolio_category-web-design-de\" data-id=\"5391\" style=\"animation-delay:0.3s\">\r\n\t\t<div class=\"w-grid-item-h\" style=\"color:#ffc9d5;\">\r\n\t\t\t\t\t\t\t<a class=\"w-grid-item-anchor\" href=\"https:\/\/caserwebagency.it\/de\/leistungen\/responsive-collection\/\" rel=\"bookmark\" aria-label=\"Responsive Collection\"><\/a>\r\n\t\t\t\t\t\t<div class=\"w-post-elm post_image usg_post_image_1 stretched\"><img loading=\"lazy\" decoding=\"async\" width=\"1024\" height=\"868\" src=\"https:\/\/caserwebagency.it\/wp-content\/uploads\/2019\/10\/responsive-design-1-1024x868.jpg\" class=\"attachment-large size-large wp-post-image\" alt=\"\" srcset=\"https:\/\/caserwebagency.it\/wp-content\/uploads\/2019\/10\/responsive-design-1-1024x868.jpg 1024w, https:\/\/caserwebagency.it\/wp-content\/uploads\/2019\/10\/responsive-design-1-300x254.jpg 300w, https:\/\/caserwebagency.it\/wp-content\/uploads\/2019\/10\/responsive-design-1.jpg 1040w\" sizes=\"(max-width: 1024px) 100vw, 1024px\" \/><\/div><div class=\"w-vwrapper usg_vwrapper_1 align_left valign_top\"><h2 class=\"w-post-elm post_title usg_post_title_1 entry-title color_link_inherit has_text_color\">Responsive Collection<\/h2><div class=\"w-post-elm post_taxonomy usg_post_taxonomy_1 style_simple color_link_inherit has_text_color\"><span >Web Design<\/span><\/div><div class=\"w-post-elm post_content usg_post_content_1\">Sie ist eine Webseite, welche durch eine neue Technik des Webdesign dazu f\u00fchrt, dass sich&hellip;<\/div><\/div>\t\t<\/div>\r\n\t<\/article>\r\n<\/div><div class=\"w-grid-preloader\"><div class=\"g-preloader type_1\">\r\n\t<div><\/div>\r\n<\/div>\r\n<\/div>\t<div class=\"w-grid-json hidden\" onclick='return {&quot;action&quot;:&quot;us_ajax_grid&quot;,&quot;ajax_url&quot;:&quot;https:\\\/\\\/caserwebagency.it\\\/wp-admin\\\/admin-ajax.php&quot;,&quot;infinite_scroll&quot;:0,&quot;max_num_pages&quot;:3,&quot;pagination&quot;:&quot;none&quot;,&quot;permalink_url&quot;:&quot;https:\\\/\\\/caserwebagency.it\\\/de\\\/wp-json\\\/wp\\\/v2\\\/pages\\\/5365\\\/&quot;,&quot;template_vars&quot;:{&quot;columns&quot;:&quot;4&quot;,&quot;exclude_items&quot;:&quot;none&quot;,&quot;img_size&quot;:&quot;default&quot;,&quot;ignore_items_size&quot;:false,&quot;items_layout&quot;:&quot;4404&quot;,&quot;items_offset&quot;:&quot;1&quot;,&quot;load_animation&quot;:&quot;wfc&quot;,&quot;overriding_link&quot;:&quot;post&quot;,&quot;post_id&quot;:5365,&quot;query_args&quot;:{&quot;post_type&quot;:[&quot;us_portfolio&quot;],&quot;tax_query&quot;:[{&quot;taxonomy&quot;:&quot;us_portfolio_category&quot;,&quot;field&quot;:&quot;slug&quot;,&quot;terms&quot;:[&quot;web-design&quot;,&quot;social-media&quot;]}],&quot;post_status&quot;:[&quot;publish&quot;],&quot;posts_per_page&quot;:&quot;4&quot;},&quot;orderby_query_args&quot;:{&quot;orderby&quot;:&quot;RAND(68720771)&quot;},&quot;type&quot;:&quot;grid&quot;,&quot;us_grid_ajax_index&quot;:1,&quot;us_grid_filter_params&quot;:null,&quot;us_grid_index&quot;:1,&quot;_us_grid_post_type&quot;:&quot;us_portfolio&quot;,&quot;lang&quot;:&quot;de&quot;}}'><\/div>\r\n\t<\/div><\/div><\/div><\/div><\/div><\/div><\/section>\n","protected":false},"excerpt":{"rendered":"Responsive Webdesign Mit Smartphone und Tabletcomputer haben sich die Gewohnheiten der Menschen ver\u00e4ndert: Jeder ist immer und \u00fcberall im Netz. Damit entstehen neue Bed\u00fcrfnisse und M\u00f6glichkeiten f\u00fcr die Nutzung von Websites. Was ist Responsive Webdesign? Beim Responsive Webdesign passen sich Websites automatisch an das jeweilige Endger\u00e4t an, egal ob Computer, Smartphone, Tablet oder Web-TV. Diese...","protected":false},"author":1,"featured_media":0,"parent":0,"menu_order":0,"comment_status":"closed","ping_status":"closed","template":"","meta":{"footnotes":""},"class_list":["post-5365","page","type-page","status-publish","hentry"],"yoast_head":"<!-- This site is optimized with the Yoast SEO plugin v18.4.1 - https:\/\/yoast.com\/wordpress\/plugins\/seo\/ -->\n<title>Leistungen - Caser Web Agency | Studio Grafico e Web Design | Bolzano<\/title>\n<meta name=\"robots\" content=\"index, follow, max-snippet:-1, max-image-preview:large, max-video-preview:-1\" \/>\n<link rel=\"canonical\" href=\"https:\/\/caserwebagency.it\/de\/leistungen\/\" \/>\n<meta property=\"og:locale\" content=\"de_DE\" \/>\n<meta property=\"og:type\" content=\"article\" \/>\n<meta property=\"og:title\" content=\"Leistungen - Caser Web Agency | Studio Grafico e Web Design | Bolzano\" \/>\n<meta property=\"og:url\" content=\"https:\/\/caserwebagency.it\/de\/leistungen\/\" \/>\n<meta property=\"og:site_name\" content=\"Caser Web Agency | Studio Grafico e Web Design | Bolzano\" \/>\n<meta property=\"article:publisher\" content=\"https:\/\/www.facebook.com\/caserwebagency\" \/>\n<meta property=\"article:modified_time\" content=\"2022-04-01T18:27:09+00:00\" \/>\n<meta name=\"twitter:card\" content=\"summary_large_image\" \/>\n<meta name=\"twitter:site\" content=\"@caserwebagency\" \/>\n<meta name=\"twitter:label1\" content=\"Gesch\u00e4tzte Lesezeit\" \/>\n\t<meta name=\"twitter:data1\" content=\"1\u00a0Minute\" \/>\n<script type=\"application\/ld+json\" class=\"yoast-schema-graph\">{\"@context\":\"https:\/\/schema.org\",\"@graph\":[{\"@type\":\"Organization\",\"@id\":\"https:\/\/caserwebagency.it\/#organization\",\"name\":\"Caser Web Agency\",\"url\":\"https:\/\/caserwebagency.it\/\",\"sameAs\":[\"https:\/\/www.facebook.com\/caserwebagency\",\"https:\/\/www.instagram.com\/caserwebagency\/\",\"https:\/\/www.youtube.com\/user\/BizetaWeb\",\"https:\/\/twitter.com\/caserwebagency\"],\"logo\":{\"@type\":\"ImageObject\",\"@id\":\"https:\/\/caserwebagency.it\/#logo\",\"inLanguage\":\"de\",\"url\":\"https:\/\/caserwebagency.it\/wp-content\/uploads\/2022\/03\/logo-01.png\",\"contentUrl\":\"https:\/\/caserwebagency.it\/wp-content\/uploads\/2022\/03\/logo-01.png\",\"width\":900,\"height\":250,\"caption\":\"Caser Web Agency\"},\"image\":{\"@id\":\"https:\/\/caserwebagency.it\/#logo\"}},{\"@type\":\"WebSite\",\"@id\":\"https:\/\/caserwebagency.it\/#website\",\"url\":\"https:\/\/caserwebagency.it\/\",\"name\":\"Caser Web Agency | Studio Grafico e Web Design | Bolzano\",\"description\":\"Siamo esperti in web design e realizzazione di siti web\",\"publisher\":{\"@id\":\"https:\/\/caserwebagency.it\/#organization\"},\"potentialAction\":[{\"@type\":\"SearchAction\",\"target\":{\"@type\":\"EntryPoint\",\"urlTemplate\":\"https:\/\/caserwebagency.it\/?s={search_term_string}\"},\"query-input\":\"required name=search_term_string\"}],\"inLanguage\":\"de\"},{\"@type\":\"WebPage\",\"@id\":\"https:\/\/caserwebagency.it\/de\/leistungen\/#webpage\",\"url\":\"https:\/\/caserwebagency.it\/de\/leistungen\/\",\"name\":\"Leistungen - Caser Web Agency | Studio Grafico e Web Design | Bolzano\",\"isPartOf\":{\"@id\":\"https:\/\/caserwebagency.it\/#website\"},\"datePublished\":\"2019-10-31T17:42:10+00:00\",\"dateModified\":\"2022-04-01T18:27:09+00:00\",\"breadcrumb\":{\"@id\":\"https:\/\/caserwebagency.it\/de\/leistungen\/#breadcrumb\"},\"inLanguage\":\"de\",\"potentialAction\":[{\"@type\":\"ReadAction\",\"target\":[\"https:\/\/caserwebagency.it\/de\/leistungen\/\"]}]},{\"@type\":\"BreadcrumbList\",\"@id\":\"https:\/\/caserwebagency.it\/de\/leistungen\/#breadcrumb\",\"itemListElement\":[{\"@type\":\"ListItem\",\"position\":1,\"name\":\"Home\",\"item\":\"https:\/\/caserwebagency.it\/de\/\"},{\"@type\":\"ListItem\",\"position\":2,\"name\":\"Leistungen\"}]}]}<\/script>\n<!-- \/ Yoast SEO plugin. -->","yoast_head_json":{"title":"Leistungen - Caser Web Agency | Studio Grafico e Web Design | Bolzano","robots":{"index":"index","follow":"follow","max-snippet":"max-snippet:-1","max-image-preview":"max-image-preview:large","max-video-preview":"max-video-preview:-1"},"canonical":"https:\/\/caserwebagency.it\/de\/leistungen\/","og_locale":"de_DE","og_type":"article","og_title":"Leistungen - Caser Web Agency | Studio Grafico e Web Design | Bolzano","og_url":"https:\/\/caserwebagency.it\/de\/leistungen\/","og_site_name":"Caser Web Agency | Studio Grafico e Web Design | Bolzano","article_publisher":"https:\/\/www.facebook.com\/caserwebagency","article_modified_time":"2022-04-01T18:27:09+00:00","twitter_card":"summary_large_image","twitter_site":"@caserwebagency","twitter_misc":{"Gesch\u00e4tzte Lesezeit":"1\u00a0Minute"},"schema":{"@context":"https:\/\/schema.org","@graph":[{"@type":"Organization","@id":"https:\/\/caserwebagency.it\/#organization","name":"Caser Web Agency","url":"https:\/\/caserwebagency.it\/","sameAs":["https:\/\/www.facebook.com\/caserwebagency","https:\/\/www.instagram.com\/caserwebagency\/","https:\/\/www.youtube.com\/user\/BizetaWeb","https:\/\/twitter.com\/caserwebagency"],"logo":{"@type":"ImageObject","@id":"https:\/\/caserwebagency.it\/#logo","inLanguage":"de","url":"https:\/\/caserwebagency.it\/wp-content\/uploads\/2022\/03\/logo-01.png","contentUrl":"https:\/\/caserwebagency.it\/wp-content\/uploads\/2022\/03\/logo-01.png","width":900,"height":250,"caption":"Caser Web Agency"},"image":{"@id":"https:\/\/caserwebagency.it\/#logo"}},{"@type":"WebSite","@id":"https:\/\/caserwebagency.it\/#website","url":"https:\/\/caserwebagency.it\/","name":"Caser Web Agency | Studio Grafico e Web Design | Bolzano","description":"Siamo esperti in web design e realizzazione di siti web","publisher":{"@id":"https:\/\/caserwebagency.it\/#organization"},"potentialAction":[{"@type":"SearchAction","target":{"@type":"EntryPoint","urlTemplate":"https:\/\/caserwebagency.it\/?s={search_term_string}"},"query-input":"required name=search_term_string"}],"inLanguage":"de"},{"@type":"WebPage","@id":"https:\/\/caserwebagency.it\/de\/leistungen\/#webpage","url":"https:\/\/caserwebagency.it\/de\/leistungen\/","name":"Leistungen - Caser Web Agency | Studio Grafico e Web Design | Bolzano","isPartOf":{"@id":"https:\/\/caserwebagency.it\/#website"},"datePublished":"2019-10-31T17:42:10+00:00","dateModified":"2022-04-01T18:27:09+00:00","breadcrumb":{"@id":"https:\/\/caserwebagency.it\/de\/leistungen\/#breadcrumb"},"inLanguage":"de","potentialAction":[{"@type":"ReadAction","target":["https:\/\/caserwebagency.it\/de\/leistungen\/"]}]},{"@type":"BreadcrumbList","@id":"https:\/\/caserwebagency.it\/de\/leistungen\/#breadcrumb","itemListElement":[{"@type":"ListItem","position":1,"name":"Home","item":"https:\/\/caserwebagency.it\/de\/"},{"@type":"ListItem","position":2,"name":"Leistungen"}]}]}},"_links":{"self":[{"href":"https:\/\/caserwebagency.it\/de\/wp-json\/wp\/v2\/pages\/5365"}],"collection":[{"href":"https:\/\/caserwebagency.it\/de\/wp-json\/wp\/v2\/pages"}],"about":[{"href":"https:\/\/caserwebagency.it\/de\/wp-json\/wp\/v2\/types\/page"}],"author":[{"embeddable":true,"href":"https:\/\/caserwebagency.it\/de\/wp-json\/wp\/v2\/users\/1"}],"replies":[{"embeddable":true,"href":"https:\/\/caserwebagency.it\/de\/wp-json\/wp\/v2\/comments?post=5365"}],"version-history":[{"count":11,"href":"https:\/\/caserwebagency.it\/de\/wp-json\/wp\/v2\/pages\/5365\/revisions"}],"predecessor-version":[{"id":6125,"href":"https:\/\/caserwebagency.it\/de\/wp-json\/wp\/v2\/pages\/5365\/revisions\/6125"}],"wp:attachment":[{"href":"https:\/\/caserwebagency.it\/de\/wp-json\/wp\/v2\/media?parent=5365"}],"curies":[{"name":"wp","href":"https:\/\/api.w.org\/{rel}","templated":true}]}}